{"id":266439,"date":"2025-11-19T11:23:18","date_gmt":"2025-11-19T10:23:18","guid":{"rendered":"https:\/\/www.digitalpartner.se\/?page_id=266439"},"modified":"2025-11-19T11:23:19","modified_gmt":"2025-11-19T10:23:19","slug":"profile-products","status":"publish","type":"page","link":"https:\/\/www.digitalpartner.se\/en\/tjanster\/profilprodukter\/","title":{"rendered":"Profile products"},"content":{"rendered":"<section class=\"bde-section-266439-100 bde-section\">\n  \n  \n\t\n\n\n\n<div class=\"section-container\"><div class=\"bde-columns-266439-101 bde-columns\"><div class=\"bde-column-266439-102 bde-column\">\n  \n  \n\t\n\n\n\n<div class=\"bde-div-266439-103 bde-div\">\n  \n  \n\t\n\n\n\n<h1 class=\"bde-heading-266439-104 bde-heading\">\nProfile products\n<\/h1><div class=\"bde-text-266439-105 bde-text\">\nFrom digital pixel to physical product. Once your new graphic profile is set, the <b>Profile experts<\/b> is to implement it on everything from clothing to trade fair products.<br><br>\n<\/div><div class=\"bde-button-266439-106 bde-button bde-preset-81a3acf9-578b-4606-8a15-b2150faa4efa\">\n    \n                        \n                        \n    \n    \n    \n    \n            \n                    \n            \n            \n\n    \n    \n    \n    \n    \n    <a class=\"breakdance-link button-atom button-atom--custom bde-button__button\" href=\"#mer\" target=\"_self\" data-type=\"url\"  >\n\n    \n        <span class=\"button-atom__text\">Read more about Profilexperten<\/span>\n\n        \n        \n                <\/a>\n\n    \n\n\n<\/div>\n<\/div>\n<\/div><div class=\"bde-column-266439-107 bde-column\">\n  \n  \n\t\n\n\n\n<img decoding=\"async\" class=\"bde-image2-266439-108 bde-image2\" src=\"https:\/\/www.digitalpartner.se\/wp-content\/uploads\/2025\/11\/ProfilExperten-svart-1.png\" alt=\"Profilexperten logo\" loading=\"lazy\" srcset=\"https:\/\/www.digitalpartner.se\/wp-content\/uploads\/2025\/11\/ProfilExperten-svart-1.png 2186w, https:\/\/www.digitalpartner.se\/wp-content\/uploads\/2025\/11\/ProfilExperten-svart-1-300x97.png 300w, https:\/\/www.digitalpartner.se\/wp-content\/uploads\/2025\/11\/ProfilExperten-svart-1-1024x332.png 1024w, https:\/\/www.digitalpartner.se\/wp-content\/uploads\/2025\/11\/ProfilExperten-svart-1-768x249.png 768w, https:\/\/www.digitalpartner.se\/wp-content\/uploads\/2025\/11\/ProfilExperten-svart-1-1536x498.png 1536w, https:\/\/www.digitalpartner.se\/wp-content\/uploads\/2025\/11\/ProfilExperten-svart-1-2048x664.png 2048w, https:\/\/www.digitalpartner.se\/wp-content\/uploads\/2025\/11\/ProfilExperten-svart-1-18x6.png 18w\" sizes=\"(max-width: 2186px) 100vw, 2186px\" data-entrance=\"zoomOut\">\n<\/div><\/div><\/div>\n<\/section><section class=\"bde-section-266439-109 bde-section\">\n  \n  \n\t\n\n\n\n        <div class=\"section-shape-divider-wrapper section-shape-divider-wrapper--1\">\n          <span class=\"section-shape-divider\">\n                      <svg\n                xmlns=\"http:\/\/www.w3.org\/2000\/svg\"\n                viewbox=\"0 0 1440 320\"\n                preserveaspectratio=\"none\"\n            >\n              <path fill=\"currentColor\" fill-opacity=\"1\" d=\"M0,224L48,240C96,256,192,288,288,256C384,224,480,128,576,80C672,32,768,32,864,69.3C960,107,1056,181,1152,176C1248,171,1344,85,1392,42.7L1440,0L1440,320L1392,320C1344,320,1248,320,1152,320C1056,320,960,320,864,320C768,320,672,320,576,320C480,320,384,320,288,320C192,320,96,320,48,320L0,320Z\"><\/path>\n            <\/svg>\n                    <\/span>\n      <\/div>\n  <div class=\"section-container\"><div class=\"bde-columns-266439-110 bde-columns\"><div id=\"mer\" class=\"bde-column-266439-111 bde-column\">\n  \n  \n\t\n\n\n\n<h2 class=\"bde-heading-266439-112 bde-heading\">\nFrom digital strategy to physical footprint\n<\/h2><div class=\"bde-rich-text-266439-113 bde-rich-text breakdance-rich-text-styles\">\n<p data-path-to-node=\"5,1\">A strong brand works everywhere, not just on screen, it should be experienced, felt and worn.<\/p>\n<p data-path-to-node=\"5,2\">Once we at Digitalpartner have developed your new logo, website or digital strategy, the next logical step is to ensure that your brand is consistently visible in the physical world. What does your team look like at the show? What feeling does your giveaway leave on the customer meeting?<\/p>\n<p data-path-to-node=\"5,3\">To ensure a seamless and high-quality transition from digital to physical, we have launched <a href=\"https:\/\/www.profilexperten.se\/\" target=\"_blank\" rel=\"noopener\"><b>Profile experts<\/b><\/a> - our sister company and specialists in promotional products.<\/p>\n<\/div>\n<\/div><div id=\"mer\" class=\"bde-column-266439-114 bde-column\">\n  \n  \n\t\n\n\n\n<img decoding=\"async\" class=\"bde-image2-266439-115 bde-image2\" src=\"https:\/\/www.digitalpartner.se\/wp-content\/uploads\/2025\/11\/vattenflaskor-2000.webp\" alt=\"Water bottle with Profilexperten logo\" loading=\"lazy\" srcset=\"https:\/\/www.digitalpartner.se\/wp-content\/uploads\/2025\/11\/vattenflaskor-2000.webp 2000w, https:\/\/www.digitalpartner.se\/wp-content\/uploads\/2025\/11\/vattenflaskor-2000-300x225.webp 300w, https:\/\/www.digitalpartner.se\/wp-content\/uploads\/2025\/11\/vattenflaskor-2000-1024x768.webp 1024w, https:\/\/www.digitalpartner.se\/wp-content\/uploads\/2025\/11\/vattenflaskor-2000-768x576.webp 768w, https:\/\/www.digitalpartner.se\/wp-content\/uploads\/2025\/11\/vattenflaskor-2000-1536x1152.webp 1536w, https:\/\/www.digitalpartner.se\/wp-content\/uploads\/2025\/11\/vattenflaskor-2000-16x12.webp 16w\" sizes=\"(max-width: 2000px) 100vw, 2000px\">\n<\/div><\/div><h3 class=\"bde-heading-266439-116 bde-heading\">\nThrough our co-operation, we ensure that:\n<\/h3><div class=\"bde-columns-266439-118 bde-columns\" data-entrance=\"slideDown\"><div class=\"bde-column-266439-119 bde-column\">\n  \n  \n\t\n\n\n\n<div class=\"bde-div-266439-120 bde-div\">\n  \n  \n\t\n\n\n\n<h4 class=\"bde-heading-266439-121 bde-heading\">\nEverything is \"on-brand\"\n<\/h4><div class=\"bde-text-266439-122 bde-text\">\nYour graphic profile (colours, fonts, feel) is correctly implemented on clothing, pens and trade fair products.\n<\/div>\n<\/div><div class=\"bde-div-266439-123 bde-div\">\n  \n  \n\t\n\n\n\n<img decoding=\"async\" class=\"bde-image2-266439-124 bde-image2\" src=\"https:\/\/www.digitalpartner.se\/wp-content\/uploads\/2025\/02\/star.webp\" loading=\"lazy\" srcset=\"https:\/\/www.digitalpartner.se\/wp-content\/uploads\/2025\/02\/star.webp 1061w, https:\/\/www.digitalpartner.se\/wp-content\/uploads\/2025\/02\/star-300x201.webp 300w, https:\/\/www.digitalpartner.se\/wp-content\/uploads\/2025\/02\/star-1024x686.webp 1024w, https:\/\/www.digitalpartner.se\/wp-content\/uploads\/2025\/02\/star-768x515.webp 768w, https:\/\/www.digitalpartner.se\/wp-content\/uploads\/2025\/02\/star-18x12.webp 18w\" sizes=\"(max-width: 1061px) 100vw, 1061px\">\n<\/div>\n<\/div><div class=\"bde-column-266439-125 bde-column\">\n  \n  \n\t\n\n\n\n<div class=\"bde-div-266439-126 bde-div\">\n  \n  \n\t\n\n\n\n<h4 class=\"bde-heading-266439-127 bde-heading\">\nThe process is seamless\n<\/h4><div class=\"bde-text-266439-128 bde-text\">\nYou don't have to look for a new supplier. We'll take the strategy we created together and make it a reality.\n<\/div>\n<\/div><div class=\"bde-div-266439-129 bde-div\">\n  \n  \n\t\n\n\n\n<img decoding=\"async\" class=\"bde-image2-266439-130 bde-image2\" src=\"https:\/\/www.digitalpartner.se\/wp-content\/uploads\/2025\/02\/star.webp\" loading=\"lazy\" srcset=\"https:\/\/www.digitalpartner.se\/wp-content\/uploads\/2025\/02\/star.webp 1061w, https:\/\/www.digitalpartner.se\/wp-content\/uploads\/2025\/02\/star-300x201.webp 300w, https:\/\/www.digitalpartner.se\/wp-content\/uploads\/2025\/02\/star-1024x686.webp 1024w, https:\/\/www.digitalpartner.se\/wp-content\/uploads\/2025\/02\/star-768x515.webp 768w, https:\/\/www.digitalpartner.se\/wp-content\/uploads\/2025\/02\/star-18x12.webp 18w\" sizes=\"(max-width: 1061px) 100vw, 1061px\">\n<\/div>\n<\/div><div class=\"bde-column-266439-131 bde-column\">\n  \n  \n\t\n\n\n\n<div class=\"bde-div-266439-132 bde-div\">\n  \n  \n\t\n\n\n\n<h4 class=\"bde-heading-266439-133 bde-heading\">\nQuality is assured\n<\/h4><div class=\"bde-text-266439-134 bde-text\">\nJust as we deliver digital quality, Profilexperten delivers physical quality that best represents your brand.\n<\/div>\n<\/div><div class=\"bde-div-266439-135 bde-div\">\n  \n  \n\t\n\n\n\n<img decoding=\"async\" class=\"bde-image2-266439-136 bde-image2\" src=\"https:\/\/www.digitalpartner.se\/wp-content\/uploads\/2025\/02\/star.webp\" loading=\"lazy\" srcset=\"https:\/\/www.digitalpartner.se\/wp-content\/uploads\/2025\/02\/star.webp 1061w, https:\/\/www.digitalpartner.se\/wp-content\/uploads\/2025\/02\/star-300x201.webp 300w, https:\/\/www.digitalpartner.se\/wp-content\/uploads\/2025\/02\/star-1024x686.webp 1024w, https:\/\/www.digitalpartner.se\/wp-content\/uploads\/2025\/02\/star-768x515.webp 768w, https:\/\/www.digitalpartner.se\/wp-content\/uploads\/2025\/02\/star-18x12.webp 18w\" sizes=\"(max-width: 1061px) 100vw, 1061px\">\n<\/div>\n<\/div><\/div><div class=\"bde-rich-text-266439-137 bde-rich-text breakdance-rich-text-styles\">\n<p>Let us take a holistic approach to your brand presence. We're there from start to finish.<\/p>\n<\/div><div class=\"bde-button-266439-139 bde-button\">\n    \n                        \n                        \n    \n    \n    \n    \n            \n                    \n            \n            \n\n    \n    \n    \n    \n    \n    <a class=\"breakdance-link button-atom button-atom--secondary bde-button__button\" href=\"https:\/\/www.profilexperten.se\/\" target=\"_blank\" data-type=\"url\" rel=\"noopener\">\n\n    \n        <span class=\"button-atom__text\">To Profilexperten.se<\/span>\n\n        \n        \n                <\/a>\n\n    \n\n\n<\/div><\/div>\n<\/section><section class=\"bde-section-266439-140 bde-section\">\n  \n  \n\t\n\n\n\n<div class=\"section-container\"><div class=\"bde-grid-266439-142 bde-grid\">\n  \n  \n\t\n\n\n\n<img decoding=\"async\" class=\"bde-image2-266439-141 bde-image2\" src=\"https:\/\/www.digitalpartner.se\/wp-content\/uploads\/2025\/11\/godis-2000.webp\" loading=\"lazy\" srcset=\"https:\/\/www.digitalpartner.se\/wp-content\/uploads\/2025\/11\/godis-2000.webp 2000w, https:\/\/www.digitalpartner.se\/wp-content\/uploads\/2025\/11\/godis-2000-300x225.webp 300w, https:\/\/www.digitalpartner.se\/wp-content\/uploads\/2025\/11\/godis-2000-1024x768.webp 1024w, https:\/\/www.digitalpartner.se\/wp-content\/uploads\/2025\/11\/godis-2000-768x576.webp 768w, https:\/\/www.digitalpartner.se\/wp-content\/uploads\/2025\/11\/godis-2000-1536x1152.webp 1536w, https:\/\/www.digitalpartner.se\/wp-content\/uploads\/2025\/11\/godis-2000-16x12.webp 16w\" sizes=\"(max-width: 2000px) 100vw, 2000px\"><img decoding=\"async\" class=\"bde-image2-266439-143 bde-image2\" src=\"https:\/\/www.digitalpartner.se\/wp-content\/uploads\/2025\/11\/kepsar-2000.webp\" alt=\"cap with profilexperten logo\" loading=\"lazy\" srcset=\"https:\/\/www.digitalpartner.se\/wp-content\/uploads\/2025\/11\/kepsar-2000.webp 2000w, https:\/\/www.digitalpartner.se\/wp-content\/uploads\/2025\/11\/kepsar-2000-300x225.webp 300w, https:\/\/www.digitalpartner.se\/wp-content\/uploads\/2025\/11\/kepsar-2000-1024x768.webp 1024w, https:\/\/www.digitalpartner.se\/wp-content\/uploads\/2025\/11\/kepsar-2000-768x576.webp 768w, https:\/\/www.digitalpartner.se\/wp-content\/uploads\/2025\/11\/kepsar-2000-1536x1152.webp 1536w, https:\/\/www.digitalpartner.se\/wp-content\/uploads\/2025\/11\/kepsar-2000-16x12.webp 16w\" sizes=\"(max-width: 2000px) 100vw, 2000px\"><img decoding=\"async\" class=\"bde-image2-266439-144 bde-image2\" src=\"https:\/\/www.digitalpartner.se\/wp-content\/uploads\/2025\/11\/pasar-2000.webp\" alt=\"tote bag with profilexperten logo\" loading=\"lazy\" srcset=\"https:\/\/www.digitalpartner.se\/wp-content\/uploads\/2025\/11\/pasar-2000.webp 2000w, https:\/\/www.digitalpartner.se\/wp-content\/uploads\/2025\/11\/pasar-2000-300x225.webp 300w, https:\/\/www.digitalpartner.se\/wp-content\/uploads\/2025\/11\/pasar-2000-1024x768.webp 1024w, https:\/\/www.digitalpartner.se\/wp-content\/uploads\/2025\/11\/pasar-2000-768x576.webp 768w, https:\/\/www.digitalpartner.se\/wp-content\/uploads\/2025\/11\/pasar-2000-1536x1152.webp 1536w, https:\/\/www.digitalpartner.se\/wp-content\/uploads\/2025\/11\/pasar-2000-16x12.webp 16w\" sizes=\"(max-width: 2000px) 100vw, 2000px\"><img decoding=\"async\" class=\"bde-image2-266439-145 bde-image2\" src=\"https:\/\/www.digitalpartner.se\/wp-content\/uploads\/2025\/11\/muggar-2000.webp\" alt=\"mugs with profilexperten logo\" loading=\"lazy\" srcset=\"https:\/\/www.digitalpartner.se\/wp-content\/uploads\/2025\/11\/muggar-2000.webp 2000w, https:\/\/www.digitalpartner.se\/wp-content\/uploads\/2025\/11\/muggar-2000-300x225.webp 300w, https:\/\/www.digitalpartner.se\/wp-content\/uploads\/2025\/11\/muggar-2000-1024x768.webp 1024w, https:\/\/www.digitalpartner.se\/wp-content\/uploads\/2025\/11\/muggar-2000-768x576.webp 768w, https:\/\/www.digitalpartner.se\/wp-content\/uploads\/2025\/11\/muggar-2000-1536x1152.webp 1536w, https:\/\/www.digitalpartner.se\/wp-content\/uploads\/2025\/11\/muggar-2000-16x12.webp 16w\" sizes=\"(max-width: 2000px) 100vw, 2000px\">\n<\/div><\/div>\n<\/section>","protected":false},"excerpt":{"rendered":"<p>Profilprodukter Fr\u00e5n digital pixel till fysisk produkt. N\u00e4r er nya grafiska profil \u00e4r satt, hj\u00e4lper Profilexperten er att implementera den p\u00e5 allt fr\u00e5n kl\u00e4der till m\u00e4ssprodukter. L\u00e4s mer om Profilexperten Fr\u00e5n digital strategi till fysiskt avtryck Ett starkt varum\u00e4rke fungerar \u00f6verallt, inte bara p\u00e5 sk\u00e4rmen,\u00a0det ska upplevas, k\u00e4nnas och b\u00e4ras. N\u00e4r vi p\u00e5 Digitalpartner har [&hellip;]<\/p>\n","protected":false},"author":3,"featured_media":0,"parent":142,"menu_order":0,"comment_status":"closed","ping_status":"closed","template":"","meta":{"_acf_changed":false,"_breakdance_hide_in_design_set":false,"_breakdance_tags":"","footnotes":""},"class_list":["post-266439","page","type-page","status-publish","hentry"],"acf":[],"_links":{"self":[{"href":"https:\/\/www.digitalpartner.se\/en\/wp-json\/wp\/v2\/pages\/266439","targetHints":{"allow":["GET"]}}],"collection":[{"href":"https:\/\/www.digitalpartner.se\/en\/wp-json\/wp\/v2\/pages"}],"about":[{"href":"https:\/\/www.digitalpartner.se\/en\/wp-json\/wp\/v2\/types\/page"}],"author":[{"embeddable":true,"href":"https:\/\/www.digitalpartner.se\/en\/wp-json\/wp\/v2\/users\/3"}],"replies":[{"embeddable":true,"href":"https:\/\/www.digitalpartner.se\/en\/wp-json\/wp\/v2\/comments?post=266439"}],"version-history":[{"count":4,"href":"https:\/\/www.digitalpartner.se\/en\/wp-json\/wp\/v2\/pages\/266439\/revisions"}],"predecessor-version":[{"id":266455,"href":"https:\/\/www.digitalpartner.se\/en\/wp-json\/wp\/v2\/pages\/266439\/revisions\/266455"}],"up":[{"embeddable":true,"href":"https:\/\/www.digitalpartner.se\/en\/wp-json\/wp\/v2\/pages\/142"}],"wp:attachment":[{"href":"https:\/\/www.digitalpartner.se\/en\/wp-json\/wp\/v2\/media?parent=266439"}],"curies":[{"name":"wp","href":"https:\/\/api.w.org\/{rel}","templated":true}]}}