{"id":266089,"date":"2025-10-23T14:46:55","date_gmt":"2025-10-23T12:46:55","guid":{"rendered":"https:\/\/www.digitalpartner.se\/?page_id=266089"},"modified":"2025-11-30T07:50:01","modified_gmt":"2025-11-30T06:50:01","slug":"christmas-calendar","status":"publish","type":"page","link":"https:\/\/www.digitalpartner.se\/en\/julkalender\/","title":{"rendered":"Christmas calendar"},"content":{"rendered":"<section class=\"bde-section-266089-100 bde-section\">\n              \n  \n  \n\t\n\n  <div class=\"section-background-overlay\"><\/div>\n\n\n<div class=\"section-container\"><h1 class=\"bde-heading-266089-151 bde-heading\">\nWelcome to this year's Christmas calendar!\n<\/h1><div class=\"bde-text-266089-152 bde-text\">\nBehind the doors are great offers, food for thought, games and fun challenges. Take part and compete for a chance to win great prizes worth \u00a3150 from <a href=\"https:\/\/profilexperten.se\" target=\"_blank\" rel=\"noopener\">profilexperten.se<\/a> and services worth SEK 10,000 from <a href=\"https:\/\/www.digitalpartner.se\/en\/services\/\" target=\"_blank\">Digital partner<\/a> for your business.\n<\/div><div class=\"bde-accordion-266089-187 bde-accordion bde-accordion--pills\"><div class=\"bde-accordion__content-wrapper-266089-196 bde-accordion__content-wrapper\">\n<h2 class=\"bde-accordion__title-tag\">\n  <button type=\"button\" class=\"bde-accordion__button\" id=\"accordion-button-196\" aria-controls=\"accordion-panel-196\" aria-expanded=\"false\">\n     <span class=\"bde-accordion__title\" >Competition rules<\/span>\n     <span class=\"bde-accordion__icon bde-accordion__icon--default\"><\/span>\n     <span class=\"bde-accordion__icon bde-accordion__icon--active\"><\/span>\n  <\/button>\n<\/h2>\n\n<div role=\"region\" class=\"bde-accordion__panel\" id=\"accordion-panel-196\" aria-labelledby=\"accordion-button-196\">\n    <div class=\"bde-accordion__panel-content\">\n        <h2 class=\"bde-heading-266089-164 bde-heading\">\nThe competition\n<\/h2><div class=\"bde-text-266089-165 bde-text\">\nFill in your details below to enter the competition. Follow us on social media to increase your chances of winning. Collect clues and solve the secret password for an extra chance in the competition.\n<\/div><div class=\"bde-rich-text-266089-154 bde-rich-text breakdance-rich-text-styles\">\n<p>Some boxes contain a clue to help you figure it out. <strong>secret password<\/strong>. Collect all the clues and increase your chances of winning fantastic Christmas gifts with a total value of \u00a3150 from <a href=\"https:\/\/profilexperten.se\" target=\"_blank\" rel=\"noopener\">profilexperten.se<\/a> and services worth SEK 10,000 from <a href=\"https:\/\/www.digitalpartner.se\/en\/services\/\">Digital partner<\/a> for your business.<\/p>\n<\/div><div class=\"bde-columns-266089-174 bde-columns\"><div class=\"bde-column-266089-175 bde-column\">\n  \n  \n\t\n\n\n\n<div class=\"bde-text-266089-166 bde-text\">\n1 ticket = Registration only<br>2 tickets = Registration and following on social media<br>3 tickets = Registration, social media and the correct password\n<\/div>\n<\/div><div class=\"bde-column-266089-176 bde-column\">\n  \n  \n\t\n\n\n\n<div class=\"bde-columns-266089-182 bde-columns\"><div class=\"bde-column-266089-183 bde-column\">\n  \n  \n\t\n\n\n\n<div class=\"bde-text-266089-169 bde-text\">\nDigital partner\n<\/div><div class=\"bde-social-icons-266089-172 bde-social-icons\">\n                  \n            \n            \n\n    \n    \n    \n    \n    \n    <a class=\"breakdance-link bde-social-icons__icon-wrapper bde-social-icons__icon-facebook\" href=\"https:\/\/www.facebook.com\/Digitalpartner.se\" target=\"_blank\" data-type=\"url\" aria-label=\"facebook\" rel=\"noopener\">\n\n             <svg xmlns=\"http:\/\/www.w3.org\/2000\/svg\" width=\"100%\" viewbox=\"0 0 24 24\">\n            <path d=\"M9 8h-3v4h3v12h5v-12h3.642l.358-4h-4v-1.667c0-.955.192-1.333 1.115-1.333h2.885v-5h-3.808c-3.596 0-5.192 1.583-5.192 4.615v3.385z\"\/>\n       <\/svg>\n              <\/a>\n\n                    \n            \n            \n\n    \n    \n    \n    \n    \n    <a class=\"breakdance-link bde-social-icons__icon-wrapper bde-social-icons__icon-instagram\" href=\"https:\/\/www.instagram.com\/digitalpartner.se\/\" target=\"_blank\" data-type=\"url\" aria-label=\"instagram\">\n\n             <svg xmlns=\"http:\/\/www.w3.org\/2000\/svg\" width=\"100%\" viewbox=\"0 0 24 24\">\n            <path d=\"M12 2.163c3.204 0 3.584.012 4.85.07 3.252.148 4.771 1.691 4.919 4.919.058 1.265.069 1.645.069 4.849 0 3.205-.012 3.584-.069 4.849-.149 3.225-1.664 4.771-4.919 4.919-1.266.058-1.644.07-4.85.07-3.204 0-3.584-.012-4.849-.07-3.26-.149-4.771-1.699-4.919-4.92-.058-1.265-.07-1.644-.07-4.849 0-3.204.013-3.583.07-4.849.149-3.227 1.664-4.771 4.919-4.919 1.266-.057 1.645-.069 4.849-.069zm0-2.163c-3.259 0-3.667.014-4.947.072-4.358.2-6.78 2.618-6.98 6.98-.059 1.281-.073 1.689-.073 4.948 0 3.259.014 3.668.072 4.948.2 4.358 2.618 6.78 6.98 6.98 1.281.058 1.689.072 4.948.072 3.259 0 3.668-.014 4.948-.072 4.354-.2 6.782-2.618 6.979-6.98.059-1.28.073-1.689.073-4.948 0-3.259-.014-3.667-.072-4.947-.196-4.354-2.617-6.78-6.979-6.98-1.281-.059-1.69-.073-4.949-.073zm0 5.838c-3.403 0-6.162 2.759-6.162 6.162s2.759 6.163 6.162 6.163 6.162-2.759 6.162-6.163c0-3.403-2.759-6.162-6.162-6.162zm0 10.162c-2.209 0-4-1.79-4-4 0-2.209 1.791-4 4-4s4 1.791 4 4c0 2.21-1.791 4-4 4zm6.406-11.845c-.796 0-1.441.645-1.441 1.44s.645 1.44 1.441 1.44c.795 0 1.439-.645 1.439-1.44s-.644-1.44-1.439-1.44z\"\/>\n       <\/svg>\n              <\/a>\n\n                    \n            \n            \n\n    \n    \n    \n    \n    \n    <a class=\"breakdance-link bde-social-icons__icon-wrapper bde-social-icons__icon-linkedin\" href=\"https:\/\/www.linkedin.com\/company\/digitalpartner-europe-ab\/\" target=\"_blank\" data-type=\"url\" aria-label=\"linkedin\" rel=\"noopener\">\n\n             <svg xmlns=\"http:\/\/www.w3.org\/2000\/svg\" width=\"100%\" viewbox=\"-4 -2 32 32\">\n            <path d=\"M4.98 3.5c0 1.381-1.11 2.5-2.48 2.5s-2.48-1.119-2.48-2.5c0-1.38 1.11-2.5 2.48-2.5s2.48 1.12 2.48 2.5zm.02 4.5h-5v16h5v-16zm7.982 0h-4.968v16h4.969v-8.399c0-4.67 6.029-5.052 6.029 0v8.399h4.988v-10.131c0-7.88-8.922-7.593-11.018-3.714v-2.155z\"\/>\n       <\/svg>\n              <\/a>\n\n    \n<\/div>\n<\/div><div class=\"bde-column-266089-184 bde-column\">\n  \n  \n\t\n\n\n\n<div class=\"bde-text-266089-180 bde-text\">\nProfile experts\n<\/div><div class=\"bde-social-icons-266089-181 bde-social-icons\">\n                  \n            \n            \n\n    \n    \n    \n    \n    \n    <a class=\"breakdance-link bde-social-icons__icon-wrapper bde-social-icons__icon-facebook\" href=\"https:\/\/www.facebook.com\/profilexperten\/\" target=\"_blank\" data-type=\"url\" aria-label=\"facebook\" rel=\"noopener\">\n\n             <svg xmlns=\"http:\/\/www.w3.org\/2000\/svg\" width=\"100%\" viewbox=\"0 0 24 24\">\n            <path d=\"M9 8h-3v4h3v12h5v-12h3.642l.358-4h-4v-1.667c0-.955.192-1.333 1.115-1.333h2.885v-5h-3.808c-3.596 0-5.192 1.583-5.192 4.615v3.385z\"\/>\n       <\/svg>\n              <\/a>\n\n                    \n            \n            \n\n    \n    \n    \n    \n    \n    <a class=\"breakdance-link bde-social-icons__icon-wrapper bde-social-icons__icon-instagram\" href=\"https:\/\/www.instagram.com\/profilexperten\/\" target=\"_blank\" data-type=\"url\" aria-label=\"instagram\" rel=\"noopener\">\n\n             <svg xmlns=\"http:\/\/www.w3.org\/2000\/svg\" width=\"100%\" viewbox=\"0 0 24 24\">\n            <path d=\"M12 2.163c3.204 0 3.584.012 4.85.07 3.252.148 4.771 1.691 4.919 4.919.058 1.265.069 1.645.069 4.849 0 3.205-.012 3.584-.069 4.849-.149 3.225-1.664 4.771-4.919 4.919-1.266.058-1.644.07-4.85.07-3.204 0-3.584-.012-4.849-.07-3.26-.149-4.771-1.699-4.919-4.92-.058-1.265-.07-1.644-.07-4.849 0-3.204.013-3.583.07-4.849.149-3.227 1.664-4.771 4.919-4.919 1.266-.057 1.645-.069 4.849-.069zm0-2.163c-3.259 0-3.667.014-4.947.072-4.358.2-6.78 2.618-6.98 6.98-.059 1.281-.073 1.689-.073 4.948 0 3.259.014 3.668.072 4.948.2 4.358 2.618 6.78 6.98 6.98 1.281.058 1.689.072 4.948.072 3.259 0 3.668-.014 4.948-.072 4.354-.2 6.782-2.618 6.979-6.98.059-1.28.073-1.689.073-4.948 0-3.259-.014-3.667-.072-4.947-.196-4.354-2.617-6.78-6.979-6.98-1.281-.059-1.69-.073-4.949-.073zm0 5.838c-3.403 0-6.162 2.759-6.162 6.162s2.759 6.163 6.162 6.163 6.162-2.759 6.162-6.163c0-3.403-2.759-6.162-6.162-6.162zm0 10.162c-2.209 0-4-1.79-4-4 0-2.209 1.791-4 4-4s4 1.791 4 4c0 2.21-1.791 4-4 4zm6.406-11.845c-.796 0-1.441.645-1.441 1.44s.645 1.44 1.441 1.44c.795 0 1.439-.645 1.439-1.44s-.644-1.44-1.439-1.44z\"\/>\n       <\/svg>\n              <\/a>\n\n                    \n            \n            \n\n    \n    \n    \n    \n    \n    <a class=\"breakdance-link bde-social-icons__icon-wrapper bde-social-icons__icon-linkedin\" href=\"https:\/\/www.linkedin.com\/company\/profilexperten\/\" target=\"_blank\" data-type=\"url\" aria-label=\"linkedin\" rel=\"noopener\">\n\n             <svg xmlns=\"http:\/\/www.w3.org\/2000\/svg\" width=\"100%\" viewbox=\"-4 -2 32 32\">\n            <path d=\"M4.98 3.5c0 1.381-1.11 2.5-2.48 2.5s-2.48-1.119-2.48-2.5c0-1.38 1.11-2.5 2.48-2.5s2.48 1.12 2.48 2.5zm.02 4.5h-5v16h5v-16zm7.982 0h-4.968v16h4.969v-8.399c0-4.67 6.029-5.052 6.029 0v8.399h4.988v-10.131c0-7.88-8.922-7.593-11.018-3.714v-2.155z\"\/>\n       <\/svg>\n              <\/a>\n\n    \n<\/div>\n<\/div><\/div>\n<\/div><\/div>\n    <\/div>\n<\/div>\n\n\n\n<\/div>\r\n\r\n<\/div><h3 class=\"bde-heading-266089-186 bde-heading\">\nFill in your details to enter the competition\n<\/h3><div class=\"bde-shortcode-266089-185 bde-shortcode\"><div class=\"forminator-ui forminator-custom-form forminator-custom-form-266399 forminator-design--default forminator-custom forminator_ajax\" data-forminator-render=\"0\" data-form=\"forminator-module-266399\" data-uid=\"69efc831f0378\"><br\/><\/div><form\n\t\t\t\tid=\"forminator-module-266399\"\n\t\t\t\tclass=\"forminator-ui forminator-custom-form forminator-custom-form-266399 forminator-design--default forminator-custom forminator_ajax\"\n\t\t\t\tmethod=\"post\"\n\t\t\t\tdata-forminator-render=\"0\"\n\t\t\t\tdata-form-id=\"266399\"\n\t\t\t\t data-color-option=\"default\" data-design=\"default\" data-grid=\"custom\" style=\"display: none;\"\n\t\t\t\tdata-uid=\"69efc831f0378\" action=\"\"\n\t\t\t><div role=\"alert\" aria-live=\"polite\" class=\"forminator-response-message forminator-error\" aria-hidden=\"true\"><\/div><div class=\"forminator-row\"><div id=\"name-1\" class=\"forminator-field-name forminator-col forminator-col-6\"><div class=\"forminator-field\"><label for=\"forminator-field-name-1_69efc831f0378\" id=\"forminator-field-name-1_69efc831f0378-label\" class=\"forminator-label\">Name of the organisation <span class=\"forminator-required\">*<\/span><\/label><input type=\"text\" name=\"name-1\" value=\"\" placeholder=\"\" id=\"forminator-field-name-1_69efc831f0378\" class=\"forminator-input forminator-name--field\" aria-required=\"true\" autocomplete=\"name\" \/><\/div><\/div><div id=\"text-1\" class=\"forminator-field-text forminator-col forminator-col-6\"><div class=\"forminator-field\"><label for=\"forminator-field-text-1_69efc831f0378\" id=\"forminator-field-text-1_69efc831f0378-label\" class=\"forminator-label\">Businesses<\/label><input type=\"text\" name=\"text-1\" value=\"\" placeholder=\"\" id=\"forminator-field-text-1_69efc831f0378\" class=\"forminator-input forminator-name--field\" data-required=\"\" \/><\/div><\/div><\/div><div class=\"forminator-row\"><div id=\"email-1\" class=\"forminator-field-email forminator-col forminator-col-6\"><div class=\"forminator-field\"><label for=\"forminator-field-email-1_69efc831f0378\" id=\"forminator-field-email-1_69efc831f0378-label\" class=\"forminator-label\">Email <span class=\"forminator-required\">*<\/span><\/label><input type=\"email\" name=\"email-1\" value=\"\" placeholder=\"\" id=\"forminator-field-email-1_69efc831f0378\" class=\"forminator-input forminator-email--field\" data-required=\"1\" aria-required=\"true\" autocomplete=\"email\" \/><\/div><\/div><div id=\"phone-1\" class=\"forminator-field-phone forminator-col forminator-col-6\"><div class=\"forminator-field\"><label for=\"forminator-field-phone-1_69efc831f0378\" id=\"forminator-field-phone-1_69efc831f0378-label\" class=\"forminator-label\">Phone number <span class=\"forminator-required\">*<\/span><\/label><input type=\"text\" name=\"phone-1\" value=\"\" placeholder=\"\" id=\"forminator-field-phone-1_69efc831f0378\" class=\"forminator-input forminator-field--phone\" data-required=\"1\" aria-required=\"true\" autocomplete=\"off\" \/><\/div><\/div><\/div><div class=\"forminator-row\"><div id=\"consent-1\" class=\"forminator-field-consent forminator-col forminator-col-12\"><div class=\"forminator-field\"><label for=\"forminator-field-consent-1_69efc831f0378\" id=\"forminator-field-consent-1_69efc831f0378-label\" class=\"forminator-label\">GDPR <span class=\"forminator-required\">*<\/span><\/label><div class=\"forminator-checkbox__wrapper\"><label id=\"forminator-field-consent-1_69efc831f0378__label\" class=\"forminator-checkbox forminator-consent\" aria-labelledby=\"forminator-field-consent-1_69efc831f0378-label\"><input type=\"checkbox\" name=\"consent-1\" id=\"forminator-field-consent-1_69efc831f0378\" value=\"checked\" aria-labelledby=\"forminator-field-consent-1_69efc831f0378-label\" aria-describedby=\"forminator-field-consent-1_69efc831f0378__description\" data-required=\"true\" aria-required=\"true\" \/><span class=\"forminator-checkbox-box\" aria-hidden=\"true\"><\/span><\/label><div id=\"forminator-field-consent-1_69efc831f0378__description\" class=\"forminator-checkbox__label forminator-consent__label\"><p>I agree that Digitalpartner may process my personal data according to&nbsp;<a href=\"https:\/\/www.digitalpartner.se\/en\/privacy-policy\/\">The privacy policy<\/a><\/p><\/div><\/div><\/div><\/div><\/div><div class=\"forminator-row\" style=\"margin: 0;\"><div id=\"captcha-1\" class=\"forminator-field-captcha  forminator-col-12\"><div class=\"forminator-captcha-left forminator-g-recaptcha recaptcha-invisible\" data-theme=\"light\" data-badge=\"bottomright\" data-sitekey=\"6LehMVMbAAAAACnsyi3kezy584SdylWdiLaVmJ_k\" data-size=\"invisible\"><\/div> <\/div><\/div><input type=\"hidden\" name=\"referer_url\" value=\"\" \/><div class=\"forminator-row forminator-row-last\"><div class=\"forminator-col\"><div class=\"forminator-field\"><button class=\"forminator-button forminator-button-submit knappen\">Submit<\/button><\/div><\/div><\/div><input type=\"hidden\" id=\"forminator_nonce\" name=\"forminator_nonce\" value=\"b59920aa48\" \/><input type=\"hidden\" name=\"_wp_http_referer\" value=\"\/en\/wp-json\/wp\/v2\/pages\/266089\" \/><input type=\"hidden\" name=\"form_id\" value=\"266399\"><input type=\"hidden\" name=\"page_id\" value=\"266089\"><input type=\"hidden\" name=\"form_type\" value=\"default\"><input type=\"hidden\" name=\"current_url\" value=\"https:\/\/www.digitalpartner.se\/en\/julkalender\/\"><input type=\"hidden\" name=\"render_id\" value=\"0\"><input type=\"hidden\" name=\"action\" value=\"forminator_submit_form_custom-forms\"><input type=\"hidden\" name=\"trp-form-language\" value=\"en\"\/><\/form><\/div><div class=\"bde-grid-266089-101 bde-grid\">\n  \n  \n\t\n\n\n\n<div id=\"ruta21\" class=\"bde-div-266089-122 bde-div lucka\">\n              \n  \n  \n\t\n\n  <div class=\"section-background-overlay\"><\/div>\n\n\n<div class=\"bde-text-266089-147 bde-text\">\n21\n<\/div>\n<\/div><div id=\"ruta5\" class=\"bde-div-266089-106 bde-div lucka\">\n              \n  \n  \n\t\n\n  <div class=\"section-background-overlay\"><\/div>\n\n\n<div class=\"bde-text-266089-131 bde-text\">\n5\n<\/div>\n<\/div><div id=\"ruta16\" class=\"bde-div-266089-117 bde-div lucka\">\n              \n  \n  \n\t\n\n  <div class=\"section-background-overlay\"><\/div>\n\n\n<div class=\"bde-text-266089-142 bde-text\">\n16\n<\/div>\n<\/div><div id=\"ruta8\" class=\"bde-div-266089-109 bde-div lucka\">\n              \n  \n  \n\t\n\n  <div class=\"section-background-overlay\"><\/div>\n\n\n<div class=\"bde-text-266089-134 bde-text\">\n8\n<\/div>\n<\/div><div id=\"ruta4\" class=\"bde-div-266089-105 bde-div lucka\">\n              \n  \n  \n\t\n\n  <div class=\"section-background-overlay\"><\/div>\n\n\n<div class=\"bde-text-266089-130 bde-text\">\n4\n<\/div>\n<\/div><div id=\"ruta9\" class=\"bde-div-266089-110 bde-div lucka\">\n              \n  \n  \n\t\n\n  <div class=\"section-background-overlay\"><\/div>\n\n\n<div class=\"bde-text-266089-135 bde-text\">\n9\n<\/div>\n<\/div><div id=\"ruta2\" class=\"bde-div-266089-103 bde-div lucka\">\n              \n  \n  \n\t\n\n  <div class=\"section-background-overlay\"><\/div>\n\n\n<div class=\"bde-text-266089-128 bde-text\">\n2\n<\/div>\n<\/div><div id=\"ruta10\" class=\"bde-div-266089-111 bde-div lucka\">\n              \n  \n  \n\t\n\n  <div class=\"section-background-overlay\"><\/div>\n\n\n<div class=\"bde-text-266089-136 bde-text\">\n10\n<\/div>\n<\/div><div id=\"ruta17\" class=\"bde-div-266089-118 bde-div lucka\">\n              \n  \n  \n\t\n\n  <div class=\"section-background-overlay\"><\/div>\n\n\n<div class=\"bde-text-266089-143 bde-text\">\n17\n<\/div>\n<\/div><div id=\"ruta7\" class=\"bde-div-266089-108 bde-div lucka\">\n              \n  \n  \n\t\n\n  <div class=\"section-background-overlay\"><\/div>\n\n\n<div class=\"bde-text-266089-133 bde-text\">\n7\n<\/div>\n<\/div><div id=\"ruta6\" class=\"bde-div-266089-107 bde-div lucka\">\n              \n  \n  \n\t\n\n  <div class=\"section-background-overlay\"><\/div>\n\n\n<div class=\"bde-text-266089-132 bde-text\">\n6\n<\/div>\n<\/div><div id=\"ruta11\" class=\"bde-div-266089-112 bde-div lucka\">\n              \n  \n  \n\t\n\n  <div class=\"section-background-overlay\"><\/div>\n\n\n<div class=\"bde-text-266089-137 bde-text\">\n11\n<\/div>\n<\/div><div id=\"ruta24\" class=\"bde-div-266089-125 bde-div lucka\">\n              \n  \n  \n\t\n\n  <div class=\"section-background-overlay\"><\/div>\n\n\n<div class=\"bde-text-266089-150 bde-text\">\n24\n<\/div>\n<\/div><div id=\"ruta19\" class=\"bde-div-266089-120 bde-div lucka\">\n              \n  \n  \n\t\n\n  <div class=\"section-background-overlay\"><\/div>\n\n\n<div class=\"bde-text-266089-145 bde-text\">\n19\n<\/div>\n<\/div><div id=\"ruta12\" class=\"bde-div-266089-113 bde-div lucka\">\n              \n  \n  \n\t\n\n  <div class=\"section-background-overlay\"><\/div>\n\n\n<div class=\"bde-text-266089-138 bde-text\">\n12\n<\/div>\n<\/div><div id=\"ruta23\" class=\"bde-div-266089-124 bde-div lucka\">\n              \n  \n  \n\t\n\n  <div class=\"section-background-overlay\"><\/div>\n\n\n<div class=\"bde-text-266089-149 bde-text\">\n23\n<\/div>\n<\/div><div id=\"ruta14\" class=\"bde-div-266089-115 bde-div lucka\">\n              \n  \n  \n\t\n\n  <div class=\"section-background-overlay\"><\/div>\n\n\n<div class=\"bde-text-266089-140 bde-text\">\n14\n<\/div>\n<\/div><div id=\"ruta15\" class=\"bde-div-266089-116 bde-div lucka\">\n              \n  \n  \n\t\n\n  <div class=\"section-background-overlay\"><\/div>\n\n\n<div class=\"bde-text-266089-141 bde-text\">\n15\n<\/div>\n<\/div><div id=\"ruta18\" class=\"bde-div-266089-119 bde-div lucka\">\n              \n  \n  \n\t\n\n  <div class=\"section-background-overlay\"><\/div>\n\n\n<div class=\"bde-text-266089-144 bde-text\">\n18\n<\/div>\n<\/div><div id=\"ruta13\" class=\"bde-div-266089-114 bde-div lucka\">\n              \n  \n  \n\t\n\n  <div class=\"section-background-overlay\"><\/div>\n\n\n<div class=\"bde-text-266089-139 bde-text\">\n13\n<\/div>\n<\/div><div id=\"ruta3\" class=\"bde-div-266089-104 bde-div lucka\">\n              \n  \n  \n\t\n\n  <div class=\"section-background-overlay\"><\/div>\n\n\n<div class=\"bde-text-266089-129 bde-text\">\n3\n<\/div>\n<\/div><div id=\"ruta20\" class=\"bde-div-266089-121 bde-div lucka\">\n              \n  \n  \n\t\n\n  <div class=\"section-background-overlay\"><\/div>\n\n\n<div class=\"bde-text-266089-146 bde-text\">\n20\n<\/div>\n<\/div><div id=\"ruta1\" class=\"bde-div-266089-102 bde-div lucka\">\n              \n  \n  \n\t\n\n  <div class=\"section-background-overlay\"><\/div>\n\n\n<div class=\"bde-text-266089-127 bde-text\">\n1\n<\/div>\n<\/div><div id=\"ruta22\" class=\"bde-div-266089-123 bde-div lucka\">\n              \n  \n  \n\t\n\n  <div class=\"section-background-overlay\"><\/div>\n\n\n<div class=\"bde-text-266089-148 bde-text\">\n22\n<\/div>\n<\/div>\n<\/div><div class=\"bde-columns-266089-155 bde-columns\"><div class=\"bde-column-266089-156 bde-column\">\n  \n  \n\t\n\n\n\n<a class=\"bde-container-link-266089-158 bde-container-link breakdance-link\" href=\"https:\/\/www.digitalpartner.se\/en\/\" target=\"_self\" data-type=\"url\">\n  \n  \n\t\n\n\n\n<img decoding=\"async\" class=\"bde-image2-266089-159 bde-image2\" src=\"https:\/\/www.digitalpartner.se\/wp-content\/uploads\/2024\/09\/digitalpartner_logo_primary_color.svg\" alt=\"Digitalpartner logo\" loading=\"lazy\">\n\n<\/a>\n<\/div><div class=\"bde-column-266089-157 bde-column\">\n  \n  \n\t\n\n\n\n<a class=\"bde-container-link-266089-160 bde-container-link breakdance-link\" href=\"https:\/\/profilexperten.se\/\" target=\"_blank\" data-type=\"url\" rel=\"noopener\">\n  \n  \n\t\n\n\n\n<img decoding=\"async\" class=\"bde-image2-266089-161 bde-image2\" src=\"https:\/\/www.digitalpartner.se\/wp-content\/uploads\/2025\/11\/ProfilExperten-svart.png\" loading=\"lazy\" srcset=\"https:\/\/www.digitalpartner.se\/wp-content\/uploads\/2025\/11\/ProfilExperten-svart.png 2186w, https:\/\/www.digitalpartner.se\/wp-content\/uploads\/2025\/11\/ProfilExperten-svart-300x97.png 300w, https:\/\/www.digitalpartner.se\/wp-content\/uploads\/2025\/11\/ProfilExperten-svart-1024x332.png 1024w, https:\/\/www.digitalpartner.se\/wp-content\/uploads\/2025\/11\/ProfilExperten-svart-768x249.png 768w, https:\/\/www.digitalpartner.se\/wp-content\/uploads\/2025\/11\/ProfilExperten-svart-1536x498.png 1536w, https:\/\/www.digitalpartner.se\/wp-content\/uploads\/2025\/11\/ProfilExperten-svart-2048x664.png 2048w, https:\/\/www.digitalpartner.se\/wp-content\/uploads\/2025\/11\/ProfilExperten-svart-18x6.png 18w\" sizes=\"(max-width: 2186px) 100vw, 2186px\">\n\n<\/a>\n<\/div><\/div><\/div>\n<\/section>","protected":false},"excerpt":{"rendered":"<p>V\u00e4lkommen till \u00e5rets julkalender! Bakom luckorna d\u00f6ljer sig fina erbjudanden, t\u00e4nkv\u00e4rdheter, spel och roliga utmaningar. Var med och t\u00e4vla f\u00f6r en chans att vinna fina priser till ett v\u00e4rde av 1 500 kr fr\u00e5n profilexperten.se och tj\u00e4nster till ett v\u00e4rde av 10 000 kr fr\u00e5n Digitalpartner f\u00f6r ditt f\u00f6retag. T\u00e4vlingsregler T\u00e4vlingen Fyll i dina uppgifter [&hellip;]<\/p>\n","protected":false},"author":2,"featured_media":0,"parent":0,"menu_order":0,"comment_status":"closed","ping_status":"closed","template":"","meta":{"_acf_changed":false,"_breakdance_hide_in_design_set":false,"_breakdance_tags":"","footnotes":""},"class_list":["post-266089","page","type-page","status-publish","hentry"],"acf":[],"_links":{"self":[{"href":"https:\/\/www.digitalpartner.se\/en\/wp-json\/wp\/v2\/pages\/266089","targetHints":{"allow":["GET"]}}],"collection":[{"href":"https:\/\/www.digitalpartner.se\/en\/wp-json\/wp\/v2\/pages"}],"about":[{"href":"https:\/\/www.digitalpartner.se\/en\/wp-json\/wp\/v2\/types\/page"}],"author":[{"embeddable":true,"href":"https:\/\/www.digitalpartner.se\/en\/wp-json\/wp\/v2\/users\/2"}],"replies":[{"embeddable":true,"href":"https:\/\/www.digitalpartner.se\/en\/wp-json\/wp\/v2\/comments?post=266089"}],"version-history":[{"count":40,"href":"https:\/\/www.digitalpartner.se\/en\/wp-json\/wp\/v2\/pages\/266089\/revisions"}],"predecessor-version":[{"id":266614,"href":"https:\/\/www.digitalpartner.se\/en\/wp-json\/wp\/v2\/pages\/266089\/revisions\/266614"}],"wp:attachment":[{"href":"https:\/\/www.digitalpartner.se\/en\/wp-json\/wp\/v2\/media?parent=266089"}],"curies":[{"name":"wp","href":"https:\/\/api.w.org\/{rel}","templated":true}]}}