{"id":265999,"date":"2025-10-14T13:36:12","date_gmt":"2025-10-14T11:36:12","guid":{"rendered":"https:\/\/www.digitalpartner.se\/?page_id=265999"},"modified":"2025-11-01T08:57:07","modified_gmt":"2025-11-01T07:57:07","slug":"free-analysis","status":"publish","type":"page","link":"https:\/\/www.digitalpartner.se\/en\/gratis-analys\/","title":{"rendered":"Free analysis"},"content":{"rendered":"<section class=\"bde-section-265999-170 bde-section\">\n  \n  \n\t\n\n\n\n<div class=\"section-container\"><div class=\"bde-columns-265999-171 bde-columns\"><div class=\"bde-column-265999-172 bde-column\">\n  \n  \n\t\n\n\n\n<div class=\"bde-div-265999-173 bde-div\">\n  \n  \n\t\n\n\n\n<h1 class=\"bde-heading-265999-174 bde-heading\">\nF\u00e5 en kostnadsfri digital analys!\n<\/h1><div class=\"bde-text-265999-175 bde-text\">\nVet du hur ert f\u00f6retag presterar digitalt?<br><br>Vi g\u00e5r igenom era kanaler och ger konkreta rekommendationer som hj\u00e4lper er st\u00e4rka synlighet, trov\u00e4rdighet och resultat online.<br><br>\n<\/div><div class=\"bde-button-265999-176 bde-button bde-preset-81a3acf9-578b-4606-8a15-b2150faa4efa\">\n    \n                        \n                        \n    \n    \n    \n    \n            \n                    \n            \n            \n\n    \n    \n    \n    \n    \n    <a class=\"breakdance-link button-atom button-atom--custom bde-button__button\" href=\"#boka\" target=\"_self\" data-type=\"url\"  >\n\n    \n        <span class=\"button-atom__text\">Boka din kostnadsfria analys nu!<\/span>\n\n        \n        \n                <\/a>\n\n    \n\n\n<\/div>\n<\/div>\n<\/div><div class=\"bde-column-265999-177 bde-column\">\n  \n  \n\t\n\n\n\n<img decoding=\"async\" class=\"bde-image2-265999-178 bde-image2\" src=\"https:\/\/www.digitalpartner.se\/wp-content\/uploads\/2025\/01\/dp-badge-bl.webp\" alt=\"Digitalpartner svart badge &quot;Sign of quality&quot;\" loading=\"lazy\" srcset=\"https:\/\/www.digitalpartner.se\/wp-content\/uploads\/2025\/01\/dp-badge-bl.webp 942w, https:\/\/www.digitalpartner.se\/wp-content\/uploads\/2025\/01\/dp-badge-bl-300x300.webp 300w, https:\/\/www.digitalpartner.se\/wp-content\/uploads\/2025\/01\/dp-badge-bl-150x150.webp 150w, https:\/\/www.digitalpartner.se\/wp-content\/uploads\/2025\/01\/dp-badge-bl-768x768.webp 768w, https:\/\/www.digitalpartner.se\/wp-content\/uploads\/2025\/01\/dp-badge-bl-12x12.webp 12w\" sizes=\"(max-width: 942px) 100vw, 942px\" data-entrance=\"zoomOut\">\n<\/div><\/div><\/div>\n<\/section><section class=\"bde-section-265999-179 bde-section\">\n  \n  \n\t\n\n\n\n        <div class=\"section-shape-divider-wrapper section-shape-divider-wrapper--1\">\n          <span class=\"section-shape-divider\">\n                      <svg\n                xmlns=\"http:\/\/www.w3.org\/2000\/svg\"\n                viewBox=\"0 0 1440 320\"\n                preserveAspectRatio=\"none\"\n            >\n              <path fill=\"currentColor\" fill-opacity=\"1\" d=\"M0,224L48,240C96,256,192,288,288,256C384,224,480,128,576,80C672,32,768,32,864,69.3C960,107,1056,181,1152,176C1248,171,1344,85,1392,42.7L1440,0L1440,320L1392,320C1344,320,1248,320,1152,320C1056,320,960,320,864,320C768,320,672,320,576,320C480,320,384,320,288,320C192,320,96,320,48,320L0,320Z\"><\/path>\n            <\/svg>\n                    <\/span>\n      <\/div>\n  <div class=\"section-container\"><div class=\"bde-columns-265999-180 bde-columns\"><div id=\"mer\" class=\"bde-column-265999-181 bde-column\">\n  \n  \n\t\n\n\n\n<h2 class=\"bde-heading-265999-182 bde-heading\">\nV\u00e4lj den analys som passar er b\u00e4st\n<\/h2><div class=\"bde-rich-text-265999-183 bde-rich-text breakdance-rich-text-styles\">\n<p>Digitalpartner erbjuder en helt kostnadsfri och omfattande utv\u00e4rdering av er digitala grund. Vi analyserar er webbplats, ert engagemang p\u00e5 sociala medier och er visuella identitet genom en granskning av er grafiska design.<\/p>\n<p>F\u00e5 insikter, identifiera potentialen och ta n\u00e4sta steg mot era m\u00e5l \u2013 utan n\u00e5gon som helst kostnad. Kontakta oss idag!<\/p>\n<\/div>\n<\/div><div id=\"mer\" class=\"bde-column-265999-184 bde-column\">\n  \n  \n\t\n\n\n\n<img decoding=\"async\" class=\"bde-image2-265999-185 bde-image2\" src=\"https:\/\/www.digitalpartner.se\/wp-content\/uploads\/2025\/10\/Laptop_dp.webp\" alt=\"Visar en gratis analys som har gjorts p\u00e5 en webbsida\" loading=\"lazy\" srcset=\"https:\/\/www.digitalpartner.se\/wp-content\/uploads\/2025\/10\/Laptop_dp.webp 2400w, https:\/\/www.digitalpartner.se\/wp-content\/uploads\/2025\/10\/Laptop_dp-300x225.webp 300w, https:\/\/www.digitalpartner.se\/wp-content\/uploads\/2025\/10\/Laptop_dp-1024x768.webp 1024w, https:\/\/www.digitalpartner.se\/wp-content\/uploads\/2025\/10\/Laptop_dp-768x576.webp 768w, https:\/\/www.digitalpartner.se\/wp-content\/uploads\/2025\/10\/Laptop_dp-1536x1152.webp 1536w, https:\/\/www.digitalpartner.se\/wp-content\/uploads\/2025\/10\/Laptop_dp-2048x1536.webp 2048w, https:\/\/www.digitalpartner.se\/wp-content\/uploads\/2025\/10\/Laptop_dp-16x12.webp 16w\" sizes=\"(max-width: 2400px) 100vw, 2400px\">\n<\/div><\/div><\/div>\n<\/section><section class=\"bde-section-265999-134 bde-section\">\n  \n  \n\t\n\n\n\n<div class=\"section-container\"><h2 class=\"bde-heading-265999-135 bde-heading\">\nVi erbjuder analys av:\n<\/h2><div class=\"bde-columns-265999-136 bde-columns\"><div class=\"bde-column-265999-137 bde-column\">\n  \n  \n\t\n\n\n\n<div class=\"bde-icon-265999-209 bde-icon\">\n\n    \n            <div class=\"bde-icon-icon breakdance-icon-atom\" >\n    \n                    <svg xmlns=\"http:\/\/www.w3.org\/2000\/svg\" id=\"icon-stats-dots\" viewBox=\"0 0 32 32\">\n<path d=\"M4 28h28v4h-32v-32h4zM9 26c-1.657 0-3-1.343-3-3s1.343-3 3-3c0.088 0 0.176 0.005 0.262 0.012l3.225-5.375c-0.307-0.471-0.487-1.033-0.487-1.638 0-1.657 1.343-3 3-3s3 1.343 3 3c0 0.604-0.179 1.167-0.487 1.638l3.225 5.375c0.086-0.007 0.174-0.012 0.262-0.012 0.067 0 0.133 0.003 0.198 0.007l5.324-9.316c-0.329-0.482-0.522-1.064-0.522-1.691 0-1.657 1.343-3 3-3s3 1.343 3 3c0 1.657-1.343 3-3 3-0.067 0-0.133-0.003-0.198-0.007l-5.324 9.316c0.329 0.481 0.522 1.064 0.522 1.691 0 1.657-1.343 3-3 3s-3-1.343-3-3c0-0.604 0.179-1.167 0.487-1.638l-3.225-5.375c-0.086 0.007-0.174 0.012-0.262 0.012s-0.176-0.005-0.262-0.012l-3.225 5.375c0.307 0.471 0.487 1.033 0.487 1.637 0 1.657-1.343 3-3 3z\"\/>\n<\/svg>\n        \n        \n        \n            <\/div>\n    \n\n\n<\/div><div class=\"bde-div-265999-223 bde-div\">\n  \n  \n\t\n\n\n\n<h3 class=\"bde-heading-265999-140 bde-heading\">\nMarknadsf\u00f6ring\n<\/h3><div class=\"bde-text-265999-143 bde-text\">\nVi analyserar era marknadsf\u00f6ringsaktiviteter  \u2013 tre konkreta f\u00f6rb\u00e4ttringspunkter som hj\u00e4lper er n\u00e5 r\u00e4tt m\u00e5lgrupp och skapa b\u00e4ttre effekt.\n<\/div><div class=\"bde-button-265999-156 bde-button\">\n    \n                        \n                        \n    \n    \n    \n    \n            \n                    \n            \n            \n\n    \n    \n    \n    \n    \n    <a class=\"breakdance-link button-atom button-atom--custom bde-button__button\" href=\"#boka\" target=\"_self\" data-type=\"url\"  >\n\n    \n        <span class=\"button-atom__text\">Boka gratis marknadsf\u00f6rings-analys<\/span>\n\n        \n        \n                <\/a>\n\n    \n\n\n<\/div>\n<\/div>\n<\/div><div class=\"bde-column-265999-213 bde-column\">\n  \n  \n\t\n\n\n\n<div class=\"bde-icon-265999-236 bde-icon\">\n\n    \n            <div class=\"bde-icon-icon breakdance-icon-atom\" >\n    \n                    <svg xmlns=\"http:\/\/www.w3.org\/2000\/svg\" id=\"icon-pencil2\" viewBox=\"0 0 32 32\">\n<path d=\"M12 20l4-2 14-14-2-2-14 14-2 4zM9.041 27.097c-0.989-2.085-2.052-3.149-4.137-4.137l3.097-8.525 4-2.435 12-12h-6l-12 12-6 20 20-6 12-12v-6l-12 12-2.435 4z\"\/>\n<\/svg>\n        \n        \n        \n            <\/div>\n    \n\n\n<\/div><h3 class=\"bde-heading-265999-141 bde-heading\">\nGrafisk design\n<\/h3><div class=\"bde-text-265999-144 bde-text\">\nVi granskar ert visuella uttryck \u2013 f\u00e4rger, typografi och formgivning \u2013 och ger er feedback p\u00e5 hur ni kan skapa en tydligare och mer konsekvent identitet\n<\/div><div class=\"bde-button-265999-159 bde-button\">\n    \n                        \n                        \n    \n    \n    \n    \n            \n                    \n            \n            \n\n    \n    \n    \n    \n    \n    <a class=\"breakdance-link button-atom button-atom--custom bde-button__button\" href=\"#boka\" target=\"_self\" data-type=\"url\"  >\n\n    \n        <span class=\"button-atom__text\">Boka gratis designanalys<\/span>\n\n        \n        \n                <\/a>\n\n    \n\n\n<\/div>\n<\/div><div class=\"bde-column-265999-218 bde-column\">\n  \n  \n\t\n\n\n\n<div class=\"bde-icon-265999-237 bde-icon\">\n\n    \n            <div class=\"bde-icon-icon breakdance-icon-atom\" >\n    \n                    <svg xmlns=\"http:\/\/www.w3.org\/2000\/svg\" viewBox=\"0 0 640 512\"><!--! Font Awesome Free 6.5.1 by @fontawesome - https:\/\/fontawesome.com License - https:\/\/fontawesome.com\/license\/free (Icons: CC BY 4.0, Fonts: SIL OFL 1.1, Code: MIT License) Copyright 2023 Fonticons, Inc. --><path d=\"M128 32C92.7 32 64 60.7 64 96V352h64V96H512V352h64V96c0-35.3-28.7-64-64-64H128zM19.2 384C8.6 384 0 392.6 0 403.2C0 445.6 34.4 480 76.8 480H563.2c42.4 0 76.8-34.4 76.8-76.8c0-10.6-8.6-19.2-19.2-19.2H19.2z\"\/><\/svg>\n        \n        \n        \n            <\/div>\n    \n\n\n<\/div><h3 class=\"bde-heading-265999-142 bde-heading\">\nHemsida\n<\/h3><div class=\"bde-text-265999-145 bde-text\">\nVi analyserar laddtid, mobil&shy;anpassning och tillg\u00e4nglighet och skickar en kort rapport med f\u00f6rslag p\u00e5 hur ni kan f\u00f6rb\u00e4ttra anv\u00e4ndar&shy;upplevelsen och konverteringen.<br>\n<\/div><div class=\"bde-button-265999-160 bde-button\">\n    \n                        \n                        \n    \n    \n    \n    \n            \n                    \n            \n            \n\n    \n    \n    \n    \n    \n    <a class=\"breakdance-link button-atom button-atom--custom bde-button__button\" href=\"#boka\" target=\"_self\" data-type=\"url\"  >\n\n    \n        <span class=\"button-atom__text\">Boka gratis webbanalys<\/span>\n\n        \n        \n                <\/a>\n\n    \n\n\n<\/div>\n<\/div><\/div><\/div>\n<\/section><section class=\"bde-section-265999-164 bde-section\">\n              \n  \n  \n\t    \n      <div class=\"section-background-video\">\n              <video\n          autoplay\n          muted\n                                loop\n                          >\n        <source src=\"https:\/\/www.digitalpartner.se\/wp-content\/uploads\/2025\/01\/digtitalpartner-hero-video-new.mp4\" type=\"video\/mp4\" \/>\n      <\/video>\n      <\/div>\n\n\n  <div class=\"section-background-overlay\"><\/div>\n\n\n<div class=\"section-container\"><h2 class=\"bde-heading-265999-165 bde-heading\">\nDigitalpartner hj\u00e4lper f\u00f6retag att v\u00e4xa online.\n<\/h2><div class=\"bde-text-265999-166 bde-text\">\nVi arbetar med strategi, inneh\u00e5ll och design som skapar verklig skillnad.\n<\/div><div class=\"bde-text-265999-168 bde-text\">\nVill du veta hur ditt f\u00f6retag kan ta n\u00e4sta steg digitalt?\n<\/div><div class=\"bde-button-265999-167 bde-button bde-preset-36a61a9b-0f69-4f63-88da-688ee50ccfbb\">\n    \n                        \n                        \n    \n    \n    \n    \n            \n                    \n            \n            \n\n    \n    \n    \n    \n    \n    <a class=\"breakdance-link button-atom button-atom--custom bde-button__button\" href=\"#boka\" target=\"_self\" data-type=\"url\"  >\n\n    \n        <span class=\"button-atom__text\">Boka din kostnadsfria digitala analys idag.<\/span>\n\n        \n        \n                <\/a>\n\n    \n\n\n<\/div><\/div>\n<\/section><section id=\"boka\" class=\"bde-section-265999-161 bde-section\">\n  \n  \n\t\n\n\n\n<div class=\"section-container\"><h2 class=\"bde-heading-265999-163 bde-heading\">\nBoka din kostnadsfria analys\n<\/h2><div class=\"bde-text-265999-169 bde-text\">\nFyll i formul\u00e4ret nedan f\u00f6r att boka din gratis analys av Sociala medier, grafiska design och\/eller din hemsida. <br>Enklare \u00e4n s\u00e5 blir det inte!\n<\/div><div class=\"bde-form-builder-265999-162 bde-form-builder\">\n\n<form id=\"bokningsformular-analys162\" class=\"breakdance-form breakdance-form--vertical\" data-options=\"{&quot;slug&quot;:&quot;custom&quot;,&quot;name&quot;:&quot;Bokningsformul\\u00e4r analys&quot;,&quot;ajaxUrl&quot;:&quot;https:\\\/\\\/www.digitalpartner.se\\\/wp-admin\\\/admin-ajax.php&quot;,&quot;clearOnSuccess&quot;:true,&quot;hideOnSuccess&quot;:false,&quot;successMessage&quot;:&quot;Your message has been received!&quot;,&quot;errorMessage&quot;:&quot;Something went wrong&quot;,&quot;redirect&quot;:true,&quot;redirectUrl&quot;:&quot;https:\\\/\\\/www.digitalpartner.se\\\/tack\\\/&quot;,&quot;customJavaScript&quot;:&quot;&quot;,&quot;recaptcha&quot;:{&quot;key&quot;:&quot;&quot;,&quot;enabled&quot;:false},&quot;honeypot_enabled&quot;:false,&quot;popupsOnSuccess&quot;:[],&quot;popupsOnError&quot;:[]}\" data-steps=\"0\" >\n  \n  \n  \n<div class=\"breakdance-form-field breakdance-form-field--text\" >\n    \n    \n            <label class=\"breakdance-form-field__label\" for=\"xrkjke\">\n            F\u00f6retag<span class=\"breakdance-form-field__required\">*<\/span>\n        <\/label>\n    \n    <input\n    class=\"breakdance-form-field__input\"\n    id=\"xrkjke\"\n    aria-describedby=\"xrkjke\"\n    type=\"text\"\n    name=\"fields[xrkjke]\"\n    placeholder=\"Ditt f\u00f6retagsnamn\"\n    value=\"\"\n                \n        \n        \n    required\n    \n    \n    \n>\n\n\n    \n    \n<\/div>\n\n\n<div class=\"breakdance-form-field breakdance-form-field--text\" >\n    \n    \n            <label class=\"breakdance-form-field__label\" for=\"name\">\n            Namn<span class=\"breakdance-form-field__required\">*<\/span>\n        <\/label>\n    \n    <input\n    class=\"breakdance-form-field__input\"\n    id=\"name\"\n    aria-describedby=\"name\"\n    type=\"text\"\n    name=\"fields[name]\"\n    placeholder=\"Ditt namn\"\n    value=\"\"\n                \n        \n        \n    required\n    \n    \n    \n>\n\n\n    \n    \n<\/div>\n\n\n<div class=\"breakdance-form-field breakdance-form-field--email\" >\n    \n    \n            <label class=\"breakdance-form-field__label\" for=\"email\">\n            E-post<span class=\"breakdance-form-field__required\">*<\/span>\n        <\/label>\n    \n    <input\n    class=\"breakdance-form-field__input\"\n    id=\"email\"\n    aria-describedby=\"email\"\n    type=\"email\"\n    name=\"fields[email]\"\n    placeholder=\"Din e-postadress\"\n    value=\"\"\n                \n        \n        \n    required\n    \n    \n    \n>\n\n\n    \n    \n<\/div>\n\n\n<div class=\"breakdance-form-field breakdance-form-field--tel\" >\n    \n    \n            <label class=\"breakdance-form-field__label\" for=\"iuvarj\">\n            Telefon<span class=\"breakdance-form-field__required\">*<\/span>\n        <\/label>\n    \n    <input\n    class=\"breakdance-form-field__input\"\n    id=\"iuvarj\"\n    aria-describedby=\"iuvarj\"\n    type=\"tel\"\n    name=\"fields[iuvarj]\"\n    placeholder=\"Ditt telefonnummer\"\n    value=\"\"\n                \n        \n        \n    required\n    \n    \n    \n>\n\n\n    \n    \n<\/div>\n\n\n<div class=\"breakdance-form-field breakdance-form-field--checkbox\" >\n    \n    \n    \n    <fieldset role=\"group\"\n    aria-label=\"Vilken analys vill du boka?\"\n    >\n       <legend class=\"breakdance-form-field__label\">Vilken analys vill du boka?<span class=\"breakdance-form-field__required\">*<\/span><\/legend>\n          <div class=\"breakdance-form-checkbox\">\n          <input\n              type=\"checkbox\"\n              name=\"fields[bnxrkm][]\"\n              value=\"Marknadsf\u00f6ring\"\n              id=\"bnxrkm-1\"\n              \n                        >\n          <label class=\"breakdance-form-checkbox__text\" for=\"bnxrkm-1\">Marknadsf\u00f6ring<\/label>\n      <\/div>\n        <div class=\"breakdance-form-checkbox\">\n          <input\n              type=\"checkbox\"\n              name=\"fields[bnxrkm][]\"\n              value=\"Grafisk design\"\n              id=\"bnxrkm-2\"\n              \n                        >\n          <label class=\"breakdance-form-checkbox__text\" for=\"bnxrkm-2\">Grafisk design<\/label>\n      <\/div>\n        <div class=\"breakdance-form-checkbox\">\n          <input\n              type=\"checkbox\"\n              name=\"fields[bnxrkm][]\"\n              value=\"Hemsida\"\n              id=\"bnxrkm-3\"\n              \n                        >\n          <label class=\"breakdance-form-checkbox__text\" for=\"bnxrkm-3\">Hemsida<\/label>\n      <\/div>\n  <\/fieldset>\n\n\n\n    \n    \n<\/div>\n\n\n<div class=\"breakdance-form-field breakdance-form-field--textarea\" >\n    \n    \n            <label class=\"breakdance-form-field__label\" for=\"jobpjq\">\n            Sociala medier l\u00e4nkar<span class=\"breakdance-form-field__required\">*<\/span>\n        <\/label>\n    \n    <textarea\n    class=\"breakdance-form-field__input\"\n    id=\"jobpjq\"\n    aria-describedby=\"jobpjq\"\n    type=\"textarea\"\n    name=\"fields[jobpjq]\"\n        placeholder=\"Ange l\u00e4nkar till era sociala medier\"\n    required\n                data-conditional-field-id=\"bnxrkm\"\n            data-conditional-value=\"Sociala medier\"\n        data-conditional-operand=\"contains\"\n\n    >\n<\/textarea>\n\n\n    \n    \n<\/div>\n\n\n<div class=\"breakdance-form-field breakdance-form-field--textarea\" >\n    \n    \n            <label class=\"breakdance-form-field__label\" for=\"ynequu\">\n            Grafisk design l\u00e4nkar<span class=\"breakdance-form-field__required\">*<\/span>\n        <\/label>\n    \n    <textarea\n    class=\"breakdance-form-field__input\"\n    id=\"ynequu\"\n    aria-describedby=\"ynequu\"\n    type=\"textarea\"\n    name=\"fields[ynequu]\"\n        placeholder=\"Ange l\u00e4nkar till sociala medier, hemsida och annat relevant material\"\n    required\n                data-conditional-field-id=\"bnxrkm\"\n            data-conditional-value=\"Grafisk design\"\n        data-conditional-operand=\"contains\"\n\n    >\n<\/textarea>\n\n\n    \n    \n<\/div>\n\n\n<div class=\"breakdance-form-field breakdance-form-field--url\" >\n    \n    \n            <label class=\"breakdance-form-field__label\" for=\"lprdry\">\n            Webbplatsens adress:<span class=\"breakdance-form-field__required\">*<\/span>\n        <\/label>\n    \n    <input\n    class=\"breakdance-form-field__input\"\n    id=\"lprdry\"\n    aria-describedby=\"lprdry\"\n    type=\"url\"\n    name=\"fields[lprdry]\"\n    placeholder=\"Ange din hemsidas adress\"\n    value=\"\"\n                data-conditional-field-id=\"bnxrkm\"\n            data-conditional-value=\"Hemsida\"\n        data-conditional-operand=\"contains\"\n\n                \n        \n        \n    required\n    \n    \n    \n>\n\n\n    \n    \n<\/div>\n\n\n<div class=\"breakdance-form-field breakdance-form-field--textarea\" >\n    \n    \n            <label class=\"breakdance-form-field__label\" for=\"lixkrj\">\n            \u00d6vrigt\n        <\/label>\n    \n    <textarea\n    class=\"breakdance-form-field__input\"\n    id=\"lixkrj\"\n    aria-describedby=\"lixkrj\"\n    type=\"textarea\"\n    name=\"fields[lixkrj]\"\n        placeholder=\"Om du har n\u00e5gra \u00f6vriga fr\u00e5gor\"\n    \n    >\n<\/textarea>\n\n\n    \n    \n<\/div>\n\n\n<div class=\"breakdance-form-field breakdance-form-field--checkbox\" >\n    \n    \n    \n    <fieldset role=\"group\"\n    aria-label=\"GDPR\"\n    >\n       <legend class=\"breakdance-form-field__label\">GDPR<span class=\"breakdance-form-field__required\">*<\/span><\/legend>\n          <div class=\"breakdance-form-checkbox\">\n          <input\n              type=\"checkbox\"\n              name=\"fields[ddwhpo]\"\n              value=\"Jag samtycker till att Digitalpartner f\u00e5r behandla mina personuppgifter enligt &lt;a href=&quot;https:\/\/www.digitalpartner.se\/integritetspolicy\/&quot; target=&quot;_blank&quot;&gt;Integritetspolicyn&lt;\/a&gt;\"\n              id=\"ddwhpo-1\"\n              \n                        >\n          <label class=\"breakdance-form-checkbox__text\" for=\"ddwhpo-1\">Jag samtycker till att Digitalpartner f\u00e5r behandla mina personuppgifter enligt <a href=\"https:\/\/www.digitalpartner.se\/integritetspolicy\/\" target=\"_blank\">Integritetspolicyn<\/a><\/label>\n      <\/div>\n  <\/fieldset>\n\n\n\n    \n    \n<\/div>\n\n\n  \n\n<div class=\"breakdance-form-field breakdance-form-footer\">\n    \n    \n                                    \n    \n    \n    \n    \n            \n            <button type=\"submit\" class=\"button-atom button-atom--primary breakdance-form-button breakdance-form-button__submit\"  >\n    \n        <span class=\"button-atom__text\">Skicka<\/span>\n\n        \n        \n            <\/button>\n    \n    <input type=\"hidden\" name=\"form_id\" value=\"162\">\n    <input type=\"hidden\" name=\"post_id\" value=\"265999\">\n<\/div>\n\n  \n<\/form>\n\n\n<\/div><\/div>\n<\/section>","protected":false},"excerpt":{"rendered":"<p>F\u00e5 en kostnadsfri digital analys! Vet du hur ert f\u00f6retag presterar digitalt?Vi g\u00e5r igenom era kanaler och ger konkreta rekommendationer som hj\u00e4lper er st\u00e4rka synlighet, trov\u00e4rdighet och resultat online. Boka din kostnadsfria analys nu! V\u00e4lj den analys som passar er b\u00e4st Digitalpartner erbjuder en helt kostnadsfri och omfattande utv\u00e4rdering av er digitala grund. Vi analyserar [&hellip;]<\/p>\n","protected":false},"author":2,"featured_media":0,"parent":0,"menu_order":0,"comment_status":"closed","ping_status":"closed","template":"","meta":{"_acf_changed":false,"_breakdance_hide_in_design_set":false,"_breakdance_tags":"","footnotes":""},"class_list":["post-265999","page","type-page","status-publish","hentry"],"acf":[],"_links":{"self":[{"href":"https:\/\/www.digitalpartner.se\/en\/wp-json\/wp\/v2\/pages\/265999","targetHints":{"allow":["GET"]}}],"collection":[{"href":"https:\/\/www.digitalpartner.se\/en\/wp-json\/wp\/v2\/pages"}],"about":[{"href":"https:\/\/www.digitalpartner.se\/en\/wp-json\/wp\/v2\/types\/page"}],"author":[{"embeddable":true,"href":"https:\/\/www.digitalpartner.se\/en\/wp-json\/wp\/v2\/users\/2"}],"replies":[{"embeddable":true,"href":"https:\/\/www.digitalpartner.se\/en\/wp-json\/wp\/v2\/comments?post=265999"}],"version-history":[{"count":28,"href":"https:\/\/www.digitalpartner.se\/en\/wp-json\/wp\/v2\/pages\/265999\/revisions"}],"predecessor-version":[{"id":266178,"href":"https:\/\/www.digitalpartner.se\/en\/wp-json\/wp\/v2\/pages\/265999\/revisions\/266178"}],"wp:attachment":[{"href":"https:\/\/www.digitalpartner.se\/en\/wp-json\/wp\/v2\/media?parent=265999"}],"curies":[{"name":"wp","href":"https:\/\/api.w.org\/{rel}","templated":true}]}}