{"id":146,"date":"2024-09-18T10:11:40","date_gmt":"2024-09-18T08:11:40","guid":{"rendered":"https:\/\/www.digitalpartner.se\/?page_id=146"},"modified":"2026-01-09T14:02:25","modified_gmt":"2026-01-09T13:02:25","slug":"about-us","status":"publish","type":"page","link":"https:\/\/www.digitalpartner.se\/en\/om-oss\/","title":{"rendered":"About us"},"content":{"rendered":"<section class=\"bde-section-146-228 bde-section\">\n  \n  \n\t\n\n\n\n<div class=\"section-container\"><div class=\"bde-columns-146-229 bde-columns\"><div class=\"bde-column-146-230 bde-column\">\n  \n  \n\t\n\n\n\n<div class=\"bde-div-146-231 bde-div\">\n  \n  \n\t\n\n\n\n<h1 class=\"bde-heading-146-232 bde-heading\">\nAbout us\n<\/h1><div class=\"bde-text-146-233 bde-text\">\nWe are a full-service agency providing creative solutions that strengthen your brand<br><br>\n<\/div><div class=\"bde-button-146-234 bde-button bde-preset-81a3acf9-578b-4606-8a15-b2150faa4efa\">\n    \n                        \n                        \n    \n    \n    \n    \n            \n                    \n            \n            \n\n    \n    \n    \n    \n    \n    <a class=\"breakdance-link button-atom button-atom--custom bde-button__button\" href=\"#kontakta\" target=\"_self\" data-type=\"url\"  >\n\n    \n        <span class=\"button-atom__text\">Contact us now<\/span>\n\n        \n        \n                <\/a>\n\n    \n\n\n<\/div>\n<\/div>\n<\/div><div class=\"bde-column-146-235 bde-column\">\n  \n  \n\t\n\n\n\n<img decoding=\"async\" class=\"bde-image2-146-236 bde-image2\" src=\"https:\/\/www.digitalpartner.se\/wp-content\/uploads\/2025\/01\/dp-badge-bl.webp\" alt=\"Digital partner black badge &quot;Sign of quality&quot;\" loading=\"lazy\" srcset=\"https:\/\/www.digitalpartner.se\/wp-content\/uploads\/2025\/01\/dp-badge-bl.webp 942w, https:\/\/www.digitalpartner.se\/wp-content\/uploads\/2025\/01\/dp-badge-bl-300x300.webp 300w, https:\/\/www.digitalpartner.se\/wp-content\/uploads\/2025\/01\/dp-badge-bl-150x150.webp 150w, https:\/\/www.digitalpartner.se\/wp-content\/uploads\/2025\/01\/dp-badge-bl-768x768.webp 768w, https:\/\/www.digitalpartner.se\/wp-content\/uploads\/2025\/01\/dp-badge-bl-12x12.webp 12w\" sizes=\"(max-width: 942px) 100vw, 942px\" data-entrance=\"zoomOut\">\n<\/div><\/div><\/div>\n<\/section><section class=\"bde-section-146-237 bde-section\">\n  \n  \n\t\n\n\n\n        <div class=\"section-shape-divider-wrapper section-shape-divider-wrapper--1\">\n          <span class=\"section-shape-divider\">\n                      <svg\n                xmlns=\"http:\/\/www.w3.org\/2000\/svg\"\n                viewbox=\"0 0 1440 320\"\n                preserveaspectratio=\"none\"\n            >\n              <path fill=\"currentColor\" fill-opacity=\"1\" d=\"M0,224L48,240C96,256,192,288,288,256C384,224,480,128,576,80C672,32,768,32,864,69.3C960,107,1056,181,1152,176C1248,171,1344,85,1392,42.7L1440,0L1440,320L1392,320C1344,320,1248,320,1152,320C1056,320,960,320,864,320C768,320,672,320,576,320C480,320,384,320,288,320C192,320,96,320,48,320L0,320Z\"><\/path>\n            <\/svg>\n                    <\/span>\n      <\/div>\n  <div class=\"section-container\"><div class=\"bde-columns-146-104 bde-columns\"><div class=\"bde-column-146-105 bde-column\">\n  \n  \n\t\n\n\n\n<h2 class=\"bde-heading-146-106 bde-heading\" data-entrance=\"slideLeft\">\nTogether we take your business to the next level\n<\/h2><div class=\"bde-text-146-107 bde-text\">\nAs an advertising agency, our driving force is to provide creative communication that helps you achieve your business goals. We offer services in strategy, design, concept and production. Deliverables include brand platforms, logos, graphic profiles, campaigns, websites, apps, films, printed matter, trade fairs and events.\n<\/div><div class=\"bde-text-146-110 bde-text\">\n In today's fast-paced world, it is essential to have procedures in place to evaluate and analyse measurable results. With the right digital tools, you can quickly draw the right conclusions. It creates good experiences both for you as a client and for us as an advertising agency and lays the foundation for the next activity.\n<\/div>\n<\/div><div class=\"bde-column-146-108 bde-column\">\n  \n  \n\t\n\n\n\n<div class=\"bde-image-146-109 bde-image\" data-entrance=\"slideRight\">\n<figure class=\"breakdance-image breakdance-image--266735\">\n\t<div class=\"breakdance-image-container\">\n\t\t<div class=\"breakdance-image-clip\"><img loading=\"lazy\" decoding=\"async\" class=\"breakdance-image-object\" src=\"https:\/\/www.digitalpartner.se\/wp-content\/uploads\/2026\/01\/digitalpartner-nigel-morgan-1313x1920-1.webp\" width=\"1313\" height=\"1920\" srcset=\"https:\/\/www.digitalpartner.se\/wp-content\/uploads\/2026\/01\/digitalpartner-nigel-morgan-1313x1920-1.webp 1313w, https:\/\/www.digitalpartner.se\/wp-content\/uploads\/2026\/01\/digitalpartner-nigel-morgan-1313x1920-1-205x300.webp 205w, https:\/\/www.digitalpartner.se\/wp-content\/uploads\/2026\/01\/digitalpartner-nigel-morgan-1313x1920-1-700x1024.webp 700w, https:\/\/www.digitalpartner.se\/wp-content\/uploads\/2026\/01\/digitalpartner-nigel-morgan-1313x1920-1-768x1123.webp 768w, https:\/\/www.digitalpartner.se\/wp-content\/uploads\/2026\/01\/digitalpartner-nigel-morgan-1313x1920-1-1050x1536.webp 1050w, https:\/\/www.digitalpartner.se\/wp-content\/uploads\/2026\/01\/digitalpartner-nigel-morgan-1313x1920-1-8x12.webp 8w\" sizes=\"auto, (max-width: 1313px) 100vw, 1313px\"><\/div>\n\t<\/div><\/figure>\n\n<\/div>\n<\/div><\/div><\/div>\n<\/section><section class=\"bde-section-146-111 bde-section\">\n  \n  \n\t\n\n\n\n<div class=\"section-container\"><div class=\"bde-columns-146-113 bde-columns\"><div class=\"bde-column-146-114 bde-column\">\n  \n  \n\t\n\n\n\n<h2 class=\"bde-heading-146-116 bde-heading\">\nMission statement\n<\/h2>\n<\/div><div class=\"bde-column-146-115 bde-column\">\n  \n  \n\t\n\n\n\n<div class=\"bde-text-146-117 bde-text\">\nOur mission is to help businesses grow and maximise their digital potential. We are an end-to-end digital partner, through one contact and one company we offer many services that both generate revenue and allow our customers to focus on their core business!\n<\/div>\n<\/div><\/div><div class=\"bde-columns-146-118 bde-columns\"><div class=\"bde-column-146-119 bde-column\">\n  \n  \n\t\n\n\n\n<h2 class=\"bde-heading-146-120 bde-heading\">\nVision\n<\/h2>\n<\/div><div class=\"bde-column-146-121 bde-column\">\n  \n  \n\t\n\n\n\n<div class=\"bde-text-146-122 bde-text\">\nOur vision is to become the market leader in digital development. By delivering innovative and customised solutions, we help businesses grow, streamline their processes and create a better experience for customers in the digital world.\n<\/div>\n<\/div><\/div><\/div>\n<\/section><div class=\"bde-globalblock-146-227 bde-globalblock\"><section class=\"bde-section-240-100-240-1 bde-section bde-section-240-100\">\n  \n  \n\t\n\n\n\n<div class=\"section-container\"><h2 class=\"bde-heading-240-101-240-1 bde-heading bde-heading-240-101\">\nGet to know us\n<\/h2><div class=\"bde-grid-240-102-240-1 bde-grid bde-grid-240-102\">\n  \n  \n\t\n\n\n\n<div class=\"bde-div-240-103-240-1 bde-div bde-div-240-103\">\n  \n  \n\t\n\n\n\n<div class=\"bde-div-240-177-240-1 bde-div bde-div-240-177\">\n  \n  \n\t\n\n\n\n<div class=\"bde-image-240-104-240-1 bde-image __image bde-image-240-104\">\n<figure class=\"breakdance-image breakdance-image--263850\">\n\t<div class=\"breakdance-image-container\">\n\t\t<div class=\"breakdance-image-clip\"><img loading=\"lazy\" decoding=\"async\" class=\"breakdance-image-object\" src=\"https:\/\/www.digitalpartner.se\/wp-content\/uploads\/2024\/09\/viktor-digitalpartner-853x1280-1.jpg\" width=\"853\" height=\"1280\" srcset=\"https:\/\/www.digitalpartner.se\/wp-content\/uploads\/2024\/09\/viktor-digitalpartner-853x1280-1.jpg 853w, https:\/\/www.digitalpartner.se\/wp-content\/uploads\/2024\/09\/viktor-digitalpartner-853x1280-1-200x300.jpg 200w, https:\/\/www.digitalpartner.se\/wp-content\/uploads\/2024\/09\/viktor-digitalpartner-853x1280-1-682x1024.jpg 682w, https:\/\/www.digitalpartner.se\/wp-content\/uploads\/2024\/09\/viktor-digitalpartner-853x1280-1-768x1152.jpg 768w\" sizes=\"auto, (max-width: 853px) 100vw, 853px\"><\/div>\n\t<\/div><\/figure>\n\n<\/div>\n<\/div><div class=\"bde-div-240-105-240-1 bde-div bde-div-240-105\">\n  \n  \n\t\n\n\n\n<a class=\"bde-container-link-240-211-240-1 bde-container-link bde-container-link-240-211 breakdance-link\" href=\"https:\/\/www.digitalpartner.se\/en\/author\/wingman\/\" target=\"_self\" data-type=\"url\">\n  \n  \n\t\n\n\n\n<h6 class=\"bde-heading-240-106-240-1 bde-heading bde-heading-240-106\">\nMr Viktor H\u00f6rman\n<\/h6>\n\n<\/a><div class=\"bde-text-240-107-240-1 bde-text bde-text-240-107\">\nCEO &amp; Digital Strategist\n<\/div><a class=\"bde-text-link-240-108-240-1 bde-text-link bde-text-link-240-108 breakdance-link\" href=\"tel:+46704927380\" target=\"_self\" data-type=\"url\">\n  070 492 73 80\n\n<\/a><a class=\"bde-text-link-240-109-240-1 bde-text-link bde-text-link-240-109 breakdance-link\" href=\"mailto:viktor@digitalpartner.se\" target=\"_self\" data-type=\"url\">\n  viktor@digitalpartner.se\n\n<\/a>\n<\/div><a class=\"bde-text-link-240-218-240-1 bde-text-link bde-text-link-240-218 breakdance-link\" href=\"https:\/\/www.digitalpartner.se\/en\/author\/wingman\/\" target=\"_self\" data-type=\"url\">\n  Read more about Viktor\n\n<\/a>\n<\/div><div class=\"bde-div-240-110-240-1 bde-div bde-div-240-110\">\n  \n  \n\t\n\n\n\n<div class=\"bde-div-240-179-240-1 bde-div bde-div-240-179\">\n  \n  \n\t\n\n\n\n<div class=\"bde-image-240-180-240-1 bde-image __image bde-image-240-180\">\n<figure class=\"breakdance-image breakdance-image--263849\">\n\t<div class=\"breakdance-image-container\">\n\t\t<div class=\"breakdance-image-clip\"><img loading=\"lazy\" decoding=\"async\" class=\"breakdance-image-object\" src=\"https:\/\/www.digitalpartner.se\/wp-content\/uploads\/2024\/09\/hasse-digitalpartner-853x1280-1.jpg\" width=\"853\" height=\"1280\" srcset=\"https:\/\/www.digitalpartner.se\/wp-content\/uploads\/2024\/09\/hasse-digitalpartner-853x1280-1.jpg 853w, https:\/\/www.digitalpartner.se\/wp-content\/uploads\/2024\/09\/hasse-digitalpartner-853x1280-1-200x300.jpg 200w, https:\/\/www.digitalpartner.se\/wp-content\/uploads\/2024\/09\/hasse-digitalpartner-853x1280-1-682x1024.jpg 682w, https:\/\/www.digitalpartner.se\/wp-content\/uploads\/2024\/09\/hasse-digitalpartner-853x1280-1-768x1152.jpg 768w\" sizes=\"auto, (max-width: 853px) 100vw, 853px\"><\/div>\n\t<\/div><\/figure>\n\n<\/div>\n<\/div><div class=\"bde-div-240-112-240-1 bde-div bde-div-240-112\">\n  \n  \n\t\n\n\n\n<a class=\"bde-container-link-240-212-240-1 bde-container-link bde-container-link-240-212 breakdance-link\" href=\"https:\/\/www.digitalpartner.se\/en\/author\/hash\/\" target=\"_self\" data-type=\"url\">\n  \n  \n\t\n\n\n\n<h6 class=\"bde-heading-240-113-240-1 bde-heading bde-heading-240-113\">\nHasse H\u00f6rman\n<\/h6>\n\n<\/a><div class=\"bde-text-240-114-240-1 bde-text bde-text-240-114\">\nSales &amp; Business Developer\n<\/div><a class=\"bde-text-link-240-115-240-1 bde-text-link bde-text-link-240-115 breakdance-link\" href=\"tel:+46705763929\" target=\"_self\" data-type=\"url\">\n  070 576 39 29\n\n<\/a><a class=\"bde-text-link-240-116-240-1 bde-text-link bde-text-link-240-116 breakdance-link\" href=\"mailto:hasse@digitalpartner.se\" target=\"_self\" data-type=\"url\">\n  hasse@digitalpartner.se\n\n<\/a>\n<\/div><a class=\"bde-text-link-240-219-240-1 bde-text-link bde-text-link-240-219 breakdance-link\" href=\"https:\/\/www.digitalpartner.se\/en\/author\/hash\/\" target=\"_self\" data-type=\"url\">\n  Read more about Hasse\n\n<\/a>\n<\/div><div class=\"bde-div-240-124-240-1 bde-div bde-div-240-124\">\n  \n  \n\t\n\n\n\n<div class=\"bde-div-240-185-240-1 bde-div bde-div-240-185\">\n  \n  \n\t\n\n\n\n<div class=\"bde-image-240-186-240-1 bde-image __image bde-image-240-186\">\n<figure class=\"breakdance-image breakdance-image--263845\">\n\t<div class=\"breakdance-image-container\">\n\t\t<div class=\"breakdance-image-clip\"><img loading=\"lazy\" decoding=\"async\" class=\"breakdance-image-object\" src=\"https:\/\/www.digitalpartner.se\/wp-content\/uploads\/2024\/09\/malou-digitalpartner-853x1280-1.jpg\" width=\"853\" height=\"1280\" srcset=\"https:\/\/www.digitalpartner.se\/wp-content\/uploads\/2024\/09\/malou-digitalpartner-853x1280-1.jpg 853w, https:\/\/www.digitalpartner.se\/wp-content\/uploads\/2024\/09\/malou-digitalpartner-853x1280-1-200x300.jpg 200w, https:\/\/www.digitalpartner.se\/wp-content\/uploads\/2024\/09\/malou-digitalpartner-853x1280-1-682x1024.jpg 682w, https:\/\/www.digitalpartner.se\/wp-content\/uploads\/2024\/09\/malou-digitalpartner-853x1280-1-768x1152.jpg 768w\" sizes=\"auto, (max-width: 853px) 100vw, 853px\"><\/div>\n\t<\/div><\/figure>\n\n<\/div>\n<\/div><div class=\"bde-div-240-126-240-1 bde-div bde-div-240-126\">\n  \n  \n\t\n\n\n\n<a class=\"bde-container-link-240-213-240-1 bde-container-link bde-container-link-240-213 breakdance-link\" href=\"https:\/\/www.digitalpartner.se\/en\/author\/malou\/\" target=\"_self\" data-type=\"url\">\n  \n  \n\t\n\n\n\n<h6 class=\"bde-heading-240-127-240-1 bde-heading bde-heading-240-127\">\nMalou Westg\u00e5rd\n<\/h6>\n\n<\/a><div class=\"bde-text-240-128-240-1 bde-text bde-text-240-128\">\nProject Manager\n<\/div><a class=\"bde-text-link-240-129-240-1 bde-text-link bde-text-link-240-129 breakdance-link\" href=\"tel:+46760054292\" target=\"_self\" data-type=\"url\">\n  076 005 42 92\n\n<\/a><a class=\"bde-text-link-240-130-240-1 bde-text-link bde-text-link-240-130 breakdance-link\" href=\"mailto:malou@digitalpartner.se\" target=\"_self\" data-type=\"url\">\n  malou@digitalpartner.se\n\n<\/a>\n<\/div><a class=\"bde-text-link-240-220-240-1 bde-text-link bde-text-link-240-220 breakdance-link\" href=\"https:\/\/www.digitalpartner.se\/en\/author\/malou\/\" target=\"_self\" data-type=\"url\">\n  Read more about Malou\n\n<\/a>\n<\/div><div class=\"bde-div-240-159-240-1 bde-div bde-div-240-159\">\n  \n  \n\t\n\n\n\n<div class=\"bde-div-240-200-240-1 bde-div bde-div-240-200\">\n  \n  \n\t\n\n\n\n<div class=\"bde-image-240-201-240-1 bde-image __image bde-image-240-201\">\n<figure class=\"breakdance-image breakdance-image--263848\">\n\t<div class=\"breakdance-image-container\">\n\t\t<div class=\"breakdance-image-clip\"><img loading=\"lazy\" decoding=\"async\" class=\"breakdance-image-object\" src=\"https:\/\/www.digitalpartner.se\/wp-content\/uploads\/2024\/09\/daniel-digitalpartner-853x1280-1.jpg\" width=\"853\" height=\"1280\" srcset=\"https:\/\/www.digitalpartner.se\/wp-content\/uploads\/2024\/09\/daniel-digitalpartner-853x1280-1.jpg 853w, https:\/\/www.digitalpartner.se\/wp-content\/uploads\/2024\/09\/daniel-digitalpartner-853x1280-1-200x300.jpg 200w, https:\/\/www.digitalpartner.se\/wp-content\/uploads\/2024\/09\/daniel-digitalpartner-853x1280-1-682x1024.jpg 682w, https:\/\/www.digitalpartner.se\/wp-content\/uploads\/2024\/09\/daniel-digitalpartner-853x1280-1-768x1152.jpg 768w\" sizes=\"auto, (max-width: 853px) 100vw, 853px\"><\/div>\n\t<\/div><\/figure>\n\n<\/div>\n<\/div><div class=\"bde-div-240-161-240-1 bde-div bde-div-240-161\">\n  \n  \n\t\n\n\n\n<a class=\"bde-container-link-240-214-240-1 bde-container-link bde-container-link-240-214 breakdance-link\" href=\"https:\/\/www.digitalpartner.se\/en\/author\/daniel\/\" target=\"_self\" data-type=\"url\">\n  \n  \n\t\n\n\n\n<h6 class=\"bde-heading-240-162-240-1 bde-heading bde-heading-240-162\">\nMr Daniel Eriksson\n<\/h6>\n\n<\/a><div class=\"bde-text-240-163-240-1 bde-text bde-text-240-163\">\nMarketing Director\n<\/div><a class=\"bde-text-link-240-164-240-1 bde-text-link bde-text-link-240-164 breakdance-link\" href=\"tel:+46760213561\" target=\"_self\" data-type=\"url\">\n  076 021 35 61\n\n<\/a><a class=\"bde-text-link-240-165-240-1 bde-text-link bde-text-link-240-165 breakdance-link\" href=\"mailto:daniel@digitalpartner.se\" target=\"_self\" data-type=\"url\">\n  daniel@digitalpartner.se\n\n<\/a>\n<\/div><a class=\"bde-text-link-240-223-240-1 bde-text-link bde-text-link-240-223 breakdance-link\" href=\"https:\/\/www.digitalpartner.se\/en\/author\/daniel\/\" target=\"_self\" data-type=\"url\">\n  Read more about Daniel\n\n<\/a>\n<\/div><div class=\"bde-div-240-131-240-1 bde-div bde-div-240-131\">\n  \n  \n\t\n\n\n\n<div class=\"bde-div-240-188-240-1 bde-div bde-div-240-188\">\n  \n  \n\t\n\n\n\n<div class=\"bde-image-240-189-240-1 bde-image __image bde-image-240-189\">\n<figure class=\"breakdance-image breakdance-image--263852\">\n\t<div class=\"breakdance-image-container\">\n\t\t<div class=\"breakdance-image-clip\"><img loading=\"lazy\" decoding=\"async\" class=\"breakdance-image-object\" src=\"https:\/\/www.digitalpartner.se\/wp-content\/uploads\/2024\/09\/johan-digitalpartner-853x1280-1.jpg\" width=\"853\" height=\"1280\" srcset=\"https:\/\/www.digitalpartner.se\/wp-content\/uploads\/2024\/09\/johan-digitalpartner-853x1280-1.jpg 853w, https:\/\/www.digitalpartner.se\/wp-content\/uploads\/2024\/09\/johan-digitalpartner-853x1280-1-200x300.jpg 200w, https:\/\/www.digitalpartner.se\/wp-content\/uploads\/2024\/09\/johan-digitalpartner-853x1280-1-682x1024.jpg 682w, https:\/\/www.digitalpartner.se\/wp-content\/uploads\/2024\/09\/johan-digitalpartner-853x1280-1-768x1152.jpg 768w\" sizes=\"auto, (max-width: 853px) 100vw, 853px\"><\/div>\n\t<\/div><\/figure>\n\n<\/div>\n<\/div><div class=\"bde-div-240-133-240-1 bde-div bde-div-240-133\">\n  \n  \n\t\n\n\n\n<a class=\"bde-container-link-240-215-240-1 bde-container-link bde-container-link-240-215 breakdance-link\" href=\"https:\/\/www.digitalpartner.se\/en\/author\/john\/\" target=\"_self\" data-type=\"url\">\n  \n  \n\t\n\n\n\n<h6 class=\"bde-heading-240-134-240-1 bde-heading bde-heading-240-134\">\nJohan Str\u00f6m\n<\/h6>\n\n<\/a><div class=\"bde-text-240-135-240-1 bde-text bde-text-240-135\">\nART DIRECTOR\n<\/div><a class=\"bde-text-link-240-136-240-1 bde-text-link bde-text-link-240-136 breakdance-link\" href=\"tel:+46760375224\" target=\"_self\" data-type=\"url\">\n  076 037 52 24\n\n<\/a><a class=\"bde-text-link-240-137-240-1 bde-text-link bde-text-link-240-137 breakdance-link\" href=\"mailto:johan@digitalpartner.se\" target=\"_self\" data-type=\"url\">\n  johan@digitalpartner.se\n\n<\/a>\n<\/div><a class=\"bde-text-link-240-222-240-1 bde-text-link bde-text-link-240-222 breakdance-link\" href=\"https:\/\/www.digitalpartner.se\/en\/author\/john\/\" target=\"_self\" data-type=\"url\">\n  Read more about Johan\n\n<\/a>\n<\/div><div class=\"bde-div-240-152-240-1 bde-div bde-div-240-152\">\n  \n  \n\t\n\n\n\n<div class=\"bde-div-240-197-240-1 bde-div bde-div-240-197\">\n  \n  \n\t\n\n\n\n<div class=\"bde-image-240-198-240-1 bde-image __image bde-image-240-198\">\n<figure class=\"breakdance-image breakdance-image--263851\">\n\t<div class=\"breakdance-image-container\">\n\t\t<div class=\"breakdance-image-clip\"><img loading=\"lazy\" decoding=\"async\" class=\"breakdance-image-object\" src=\"https:\/\/www.digitalpartner.se\/wp-content\/uploads\/2024\/09\/morgan-digitalpartner-855x1280-1.jpg\" width=\"855\" height=\"1280\" srcset=\"https:\/\/www.digitalpartner.se\/wp-content\/uploads\/2024\/09\/morgan-digitalpartner-855x1280-1.jpg 855w, https:\/\/www.digitalpartner.se\/wp-content\/uploads\/2024\/09\/morgan-digitalpartner-855x1280-1-200x300.jpg 200w, https:\/\/www.digitalpartner.se\/wp-content\/uploads\/2024\/09\/morgan-digitalpartner-855x1280-1-684x1024.jpg 684w, https:\/\/www.digitalpartner.se\/wp-content\/uploads\/2024\/09\/morgan-digitalpartner-855x1280-1-768x1150.jpg 768w\" sizes=\"auto, (max-width: 855px) 100vw, 855px\"><\/div>\n\t<\/div><\/figure>\n\n<\/div>\n<\/div><div class=\"bde-div-240-154-240-1 bde-div bde-div-240-154\">\n  \n  \n\t\n\n\n\n<a class=\"bde-container-link-240-216-240-1 bde-container-link bde-container-link-240-216 breakdance-link\" href=\"https:\/\/www.digitalpartner.se\/en\/author\/morgan\/\" target=\"_self\" data-type=\"url\">\n  \n  \n\t\n\n\n\n<h6 class=\"bde-heading-240-155-240-1 bde-heading bde-heading-240-155\">\nMorgan Green Svensson\n<\/h6>\n\n<\/a><div class=\"bde-text-240-156-240-1 bde-text bde-text-240-156\">\nWeb Developer\n<\/div><a class=\"bde-text-link-240-157-240-1 bde-text-link bde-text-link-240-157 breakdance-link\" href=\"tel:+46760389255\" target=\"_self\" data-type=\"url\">\n  076 038 92 55\n\n<\/a><a class=\"bde-text-link-240-158-240-1 bde-text-link bde-text-link-240-158 breakdance-link\" href=\"mailto:morgan@digitalpartner.se\" target=\"_self\" data-type=\"url\">\n  morgan@digitalpartner.se\n\n<\/a>\n<\/div><a class=\"bde-text-link-240-221-240-1 bde-text-link bde-text-link-240-221 breakdance-link\" href=\"https:\/\/www.digitalpartner.se\/en\/author\/morgan\/\" target=\"_self\" data-type=\"url\">\n  Read more about Morgan\n\n<\/a>\n<\/div><div class=\"bde-div-240-138-240-1 bde-div bde-div-240-138\">\n  \n  \n\t\n\n\n\n<div class=\"bde-div-240-191-240-1 bde-div bde-div-240-191\">\n  \n  \n\t\n\n\n\n<div class=\"bde-image-240-192-240-1 bde-image __image bde-image-240-192\">\n<figure class=\"breakdance-image breakdance-image--263847\">\n\t<div class=\"breakdance-image-container\">\n\t\t<div class=\"breakdance-image-clip\"><img loading=\"lazy\" decoding=\"async\" class=\"breakdance-image-object\" src=\"https:\/\/www.digitalpartner.se\/wp-content\/uploads\/2024\/09\/nigel-digitalpartner-853x1280-1.jpg\" width=\"853\" height=\"1280\" srcset=\"https:\/\/www.digitalpartner.se\/wp-content\/uploads\/2024\/09\/nigel-digitalpartner-853x1280-1.jpg 853w, https:\/\/www.digitalpartner.se\/wp-content\/uploads\/2024\/09\/nigel-digitalpartner-853x1280-1-200x300.jpg 200w, https:\/\/www.digitalpartner.se\/wp-content\/uploads\/2024\/09\/nigel-digitalpartner-853x1280-1-682x1024.jpg 682w, https:\/\/www.digitalpartner.se\/wp-content\/uploads\/2024\/09\/nigel-digitalpartner-853x1280-1-768x1152.jpg 768w\" sizes=\"auto, (max-width: 853px) 100vw, 853px\"><\/div>\n\t<\/div><\/figure>\n\n<\/div>\n<\/div><div class=\"bde-div-240-140-240-1 bde-div bde-div-240-140\">\n  \n  \n\t\n\n\n\n<a class=\"bde-container-link-240-217-240-1 bde-container-link bde-container-link-240-217 breakdance-link\" href=\"https:\/\/www.digitalpartner.se\/en\/author\/nigel\/\" target=\"_self\" data-type=\"url\">\n  \n  \n\t\n\n\n\n<h6 class=\"bde-heading-240-141-240-1 bde-heading bde-heading-240-141\">\nNigel Bradford\n<\/h6>\n\n<\/a><div class=\"bde-text-240-142-240-1 bde-text bde-text-240-142\">\nGraphic Designer\n<\/div><a class=\"bde-text-link-240-143-240-1 bde-text-link bde-text-link-240-143 breakdance-link\" href=\"tel:+46703745553\" target=\"_self\" data-type=\"url\">\n  070 374 55 53\n\n<\/a><a class=\"bde-text-link-240-144-240-1 bde-text-link bde-text-link-240-144 breakdance-link\" href=\"mailto:nigel@digitalpartner.se\" target=\"_self\" data-type=\"url\">\n  nigel@digitalpartner.se\n\n<\/a><a class=\"bde-text-link-240-224-240-1 bde-text-link bde-text-link-240-224 breakdance-link\" href=\"https:\/\/www.digitalpartner.se\/en\/author\/nigel\/\" target=\"_self\" data-type=\"url\">\n  Read more about Nigel\n\n<\/a>\n<\/div>\n<\/div>\n<\/div><\/div>\n<\/section><\/div>","protected":false},"excerpt":{"rendered":"<p>Om oss Vi \u00e4r en fullservicebyr\u00e5 som tillhandah\u00e5ller kreativa l\u00f6sningar som st\u00e4rker ditt varum\u00e4rke Kontakta oss nu Tillsammans tar vi ditt f\u00f6retag till n\u00e4sta niv\u00e5 Som reklambyr\u00e5 \u00e4r v\u00e5r drivkraft \u00e4r att bidra med kreativ kommunikation som hj\u00e4lper dig att n\u00e5 dina aff\u00e4rsm\u00e5l. Vi erbjuder tj\u00e4nster inom strategi, design, koncept och produktion. Leveranser i form [&hellip;]<\/p>\n","protected":false},"author":2,"featured_media":0,"parent":0,"menu_order":0,"comment_status":"closed","ping_status":"closed","template":"","meta":{"_acf_changed":false,"_breakdance_hide_in_design_set":false,"_breakdance_tags":"","footnotes":""},"class_list":["post-146","page","type-page","status-publish","hentry"],"acf":[],"_links":{"self":[{"href":"https:\/\/www.digitalpartner.se\/en\/wp-json\/wp\/v2\/pages\/146","targetHints":{"allow":["GET"]}}],"collection":[{"href":"https:\/\/www.digitalpartner.se\/en\/wp-json\/wp\/v2\/pages"}],"about":[{"href":"https:\/\/www.digitalpartner.se\/en\/wp-json\/wp\/v2\/types\/page"}],"author":[{"embeddable":true,"href":"https:\/\/www.digitalpartner.se\/en\/wp-json\/wp\/v2\/users\/2"}],"replies":[{"embeddable":true,"href":"https:\/\/www.digitalpartner.se\/en\/wp-json\/wp\/v2\/comments?post=146"}],"version-history":[{"count":23,"href":"https:\/\/www.digitalpartner.se\/en\/wp-json\/wp\/v2\/pages\/146\/revisions"}],"predecessor-version":[{"id":266739,"href":"https:\/\/www.digitalpartner.se\/en\/wp-json\/wp\/v2\/pages\/146\/revisions\/266739"}],"wp:attachment":[{"href":"https:\/\/www.digitalpartner.se\/en\/wp-json\/wp\/v2\/media?parent=146"}],"curies":[{"name":"wp","href":"https:\/\/api.w.org\/{rel}","templated":true}]}}